{"id":1229,"date":"2026-01-22T06:05:12","date_gmt":"2026-01-22T06:05:12","guid":{"rendered":"https:\/\/phanbonvinhkhang.com\/?post_type=product&#038;p=1229"},"modified":"2026-01-22T06:05:13","modified_gmt":"2026-01-22T06:05:13","slug":"amino-rong-bien-cao-cap-giai-doc-phen-phuc-hoi-stress-sung-cay","status":"publish","type":"product","link":"https:\/\/phanbonvinhkhang.com\/index.php\/san-pham\/amino-rong-bien-cao-cap-giai-doc-phen-phuc-hoi-stress-sung-cay\/","title":{"rendered":"Amino Rong Bi\u1ec3n Cao C\u1ea5p \u2013 Gi\u1ea3i \u0110\u1ed9c Ph\u00e8n, Ph\u1ee5c H\u1ed3i Stress, Sung C\u00e2y"},"content":{"rendered":"<p>Trong \u0111i\u1ec1u ki\u1ec7n th\u1eddi ti\u1ebft kh\u1eafc nghi\u1ec7t v\u00e0 \u0111\u1ea5t \u0111ai d\u1ec5 b\u1ecb nhi\u1ec5m ph\u00e8n, <b data-path-to-node=\"7\" data-index-in-node=\"67\">Amino Rong Bi\u1ec3n<\/b> ch\u00ednh l\u00e0 gi\u1ea3i ph\u00e1p &#8220;v\u00e0ng&#8221; gi\u00fap n\u00f4ng d\u00e2n b\u1ea3o v\u1ec7 m\u00f9a m\u00e0ng. \u0110\u00e2y c\u0169ng l\u00e0 d\u00f2ng s\u1ea3n ph\u1ea9m \u0111ang \u0111\u01b0\u1ee3c c\u00e1c \u0111\u1ea1i l\u00fd \u01b0u ti\u00ean gia c\u00f4ng nh\u1edd kh\u1ea3 n\u0103ng ti\u00eau th\u1ee5 m\u1ea1nh v\u00e0 hi\u1ec7u qu\u1ea3 t\u1ee9c th\u00ec tr\u00ean c\u00e2y tr\u1ed3ng.<\/p>\n<p><strong data-start=\"620\" data-end=\"639\">Amino Rong Bi\u1ec3n<\/strong> l\u00e0 d\u00f2ng <strong data-start=\"648\" data-end=\"677\">ph\u00e2n b\u00f3n sinh h\u1ecdc cao c\u1ea5p<\/strong>, k\u1ebft h\u1ee3p <strong data-start=\"687\" data-end=\"712\">Amino Acid d\u1ec5 h\u1ea5p thu<\/strong> v\u00e0 <strong data-start=\"716\" data-end=\"749\">chi\u1ebft xu\u1ea5t rong bi\u1ec3n t\u1ef1 nhi\u00ean<\/strong>, gi\u00fap c\u00e2y tr\u1ed3ng <strong data-start=\"766\" data-end=\"820\">xanh nhanh \u2013 sung m\u1ea1nh \u2013 ph\u1ee5c h\u1ed3i stress v\u01b0\u1ee3t tr\u1ed9i<\/strong>, \u0111\u1eb7c bi\u1ec7t hi\u1ec7u qu\u1ea3 tr\u00ean \u0111\u1ea5t <strong data-start=\"849\" data-end=\"879\">ph\u00e8n, m\u1eb7n, t\u1ed3n d\u01b0 h\u00f3a ch\u1ea5t<\/strong>.<\/p>\n<h3 data-path-to-node=\"8\">T\u1ea1i sao n\u00ean l\u1ef1a ch\u1ecdn Amino Rong Bi\u1ec3n cho c\u00e2y tr\u1ed3ng?<\/h3>\n<p data-path-to-node=\"9\">\u0110\u01b0\u1ee3c chi\u1ebft xu\u1ea5t t\u1eeb ngu\u1ed3n rong bi\u1ec3n t\u1ef1 nhi\u00ean, s\u1ea3n ph\u1ea9m kh\u00f4ng ch\u1ec9 cung c\u1ea5p dinh d\u01b0\u1ee1ng m\u00e0 c\u00f2n \u0111\u00f3ng vai tr\u00f2 nh\u01b0 m\u1ed9t ch\u1ea5t \u0111i\u1ec1u h\u00f2a sinh tr\u01b0\u1edfng t\u1ef1 nhi\u00ean.<\/p>\n<h2 data-path-to-node=\"9\">Th\u00e0nh ph\u1ea7n<\/h2>\n<p><strong>C\u00f4ng th\u1ee9c 1:<\/strong><\/p>\n<ul>\n<li>Ch\u1ea5t h\u1eefu c\u01a1: 20%;<\/li>\n<li>NPK: 2,9-2,8-2%;<\/li>\n<li>T\u1ef7 l\u1ec7 C\/N: 5,5;<\/li>\n<li>pHH2O: 7,3;<\/li>\n<li>T\u1ef7 tr\u1ecdng: 1,1<\/li>\n<\/ul>\n<p><strong>C\u00f4ng th\u1ee9c 2:\u00a0<\/strong><\/p>\n<ul>\n<li>Ch\u1ea5t h\u1eefu c\u01a1: 20%;<\/li>\n<li>NPK: 2,5-2,5-2,5%;<\/li>\n<li>T\u1ef7 l\u1ec7 C\/N: 6,5;<\/li>\n<li>pHH2O: 7;<\/li>\n<li>T\u1ef7 tr\u1ecdng: 1,1<\/li>\n<\/ul>\n<p><strong>C\u00f4ng th\u1ee9c 3:\u00a0<\/strong><\/p>\n<ul>\n<li>Ch\u1ea5t h\u1eefu c\u01a1: 20%;<\/li>\n<li>NPK: 2-2-2%;<\/li>\n<li>T\u1ef7 l\u1ec7 C\/N: 4,5;<\/li>\n<li>pHH2O: 7;<\/li>\n<li>T\u1ef7 tr\u1ecdng: 1,1<\/li>\n<\/ul>\n<p><strong>C\u00f4ng th\u1ee9c 4:\u00a0<\/strong><\/p>\n<ul>\n<li>Ch\u1ea5t h\u1eefu c\u01a1: 25%;<\/li>\n<li>T\u1ef7 l\u1ec7 C\/N: 5;<\/li>\n<li>pHH2O: 7,2;<\/li>\n<li>T\u1ef7 tr\u1ecdng: 1,1<\/li>\n<\/ul>\n<h3 data-start=\"887\" data-end=\"930\">C\u00f4ng d\u1ee5ng n\u1ed5i b\u1eadt c\u1ee7a Amino Rong Bi\u1ec3n<\/h3>\n<p data-start=\"932\" data-end=\"973\"><strong data-start=\"934\" data-end=\"971\">H\u1ea1 ph\u00e8n c\u1ef1c nhanh \u2013 gi\u1ea3i \u0111\u1ed9c m\u1ea1nh<\/strong><\/p>\n<ul data-start=\"974\" data-end=\"1099\">\n<li data-start=\"974\" data-end=\"997\">\n<p data-start=\"976\" data-end=\"997\">Trung h\u00f2a ph\u00e8n, m\u1eb7n<\/p>\n<\/li>\n<li data-start=\"998\" data-end=\"1037\">\n<p data-start=\"1000\" data-end=\"1037\">Gi\u1ea3i \u0111\u1ed9c h\u1eefu c\u01a1 &amp; t\u1ed3n d\u01b0 thu\u1ed1c BVTV<\/p>\n<\/li>\n<li data-start=\"1038\" data-end=\"1099\">\n<p data-start=\"1040\" data-end=\"1099\">C\u1ea3i thi\u1ec7n m\u00f4i tr\u01b0\u1eddng r\u1ec5, gi\u00fap r\u1ec5 tr\u1eafng \u2013 kh\u1ecfe \u2013 bung m\u1ea1nh<\/p>\n<\/li>\n<\/ul>\n<p data-start=\"1101\" data-end=\"1139\"><strong data-start=\"1103\" data-end=\"1137\">Xanh c\u00e2y \u2013 m\u01b0\u1edbt l\u00e1 \u2013 ch\u1ed3i kh\u1ecfe<\/strong><\/p>\n<ul data-start=\"1140\" data-end=\"1243\">\n<li data-start=\"1140\" data-end=\"1176\">\n<p data-start=\"1142\" data-end=\"1176\">T\u0103ng di\u1ec7p l\u1ee5c, l\u00e1 d\u00e0y \u2013 xanh b\u1ec1n<\/p>\n<\/li>\n<li data-start=\"1177\" data-end=\"1210\">\n<p data-start=\"1179\" data-end=\"1210\">Ch\u1ed3i non ra \u0111\u1ec1u, c\u00e2y sung m\u00e3n<\/p>\n<\/li>\n<li data-start=\"1211\" data-end=\"1243\">\n<p data-start=\"1213\" data-end=\"1243\">Gi\u1ea3m v\u00e0ng l\u00e1, xo\u0103n l\u00e1, suy c\u00e2y<\/p>\n<\/li>\n<\/ul>\n<p data-start=\"1245\" data-end=\"1298\"><strong data-start=\"1247\" data-end=\"1296\">T\u0103ng k\u00edch h\u1ea1t \u2013 nu\u00f4i tr\u00e1i to, ch\u1eafc, s\u00e1ng b\u00f3ng<\/strong><\/p>\n<ul data-start=\"1299\" data-end=\"1404\">\n<li data-start=\"1299\" data-end=\"1326\">\n<p data-start=\"1301\" data-end=\"1326\">H\u1ed7 tr\u1ee3 ph\u00e2n h\u00f3a m\u1ea7m hoa<\/p>\n<\/li>\n<li data-start=\"1327\" data-end=\"1370\">\n<p data-start=\"1329\" data-end=\"1370\">Tr\u00e1i l\u1edbn nhanh, da l\u00e1ng \u2013 b\u00f3ng \u2013 \u0111\u1eb9p m\u00e3<\/p>\n<\/li>\n<li data-start=\"1371\" data-end=\"1404\">\n<p data-start=\"1373\" data-end=\"1404\">H\u1ea1n ch\u1ebf r\u1ee5ng tr\u00e1i non, n\u1ee9t tr\u00e1i<\/p>\n<\/li>\n<\/ul>\n<p data-start=\"1406\" data-end=\"1453\"><strong data-start=\"1408\" data-end=\"1451\">L\u00e0m m\u00e1t c\u00e2y \u2013 ph\u1ee5c h\u1ed3i nhanh sau stress<\/strong><\/p>\n<ul data-start=\"1454\" data-end=\"1566\">\n<li data-start=\"1454\" data-end=\"1495\">\n<p data-start=\"1456\" data-end=\"1495\">Gi\u1ea3m s\u1ed1c sau h\u1ea1n \u2013 m\u01b0a \u2013 ng\u1eadp \u2013 thu\u1ed1c<\/p>\n<\/li>\n<li data-start=\"1496\" data-end=\"1528\">\n<p data-start=\"1498\" data-end=\"1528\">Ph\u1ee5c h\u1ed3i nhanh sau thu ho\u1ea1ch<\/p>\n<\/li>\n<li data-start=\"1529\" data-end=\"1566\">\n<p data-start=\"1531\" data-end=\"1566\">Gi\u1eef c\u00e2y b\u1ec1n s\u1ee9c, nu\u00f4i tr\u00e1i d\u00e0i ng\u00e0y<\/p>\n<\/li>\n<\/ul>\n<h2>\u0110\u1ed1i t\u01b0\u1ee3ng s\u1eed d\u1ee5ng<\/h2>\n<ul data-start=\"1613\" data-end=\"1763\">\n<li data-start=\"1613\" data-end=\"1689\">\n<p data-start=\"1615\" data-end=\"1689\"><strong data-start=\"1615\" data-end=\"1631\">C\u00e2y \u0103n tr\u00e1i:<\/strong> S\u1ea7u ri\u00eang, xo\u00e0i, cam, qu\u00fdt, b\u01b0\u1edfi, m\u00edt, nh\u00e3n, ch\u00f4m ch\u00f4m\u2026<\/p>\n<\/li>\n<li data-start=\"1690\" data-end=\"1737\">\n<p data-start=\"1692\" data-end=\"1737\"><strong data-start=\"1692\" data-end=\"1712\">C\u00e2y c\u00f4ng nghi\u1ec7p:<\/strong> C\u00e0 ph\u00ea, h\u1ed3 ti\u00eau, \u0111i\u1ec1u\u2026<\/p>\n<\/li>\n<li data-start=\"1738\" data-end=\"1763\">\n<p data-start=\"1740\" data-end=\"1763\"><strong data-start=\"1740\" data-end=\"1763\">Rau m\u00e0u \u2013 hoa ki\u1ec3ng<\/strong><\/p>\n<\/li>\n<\/ul>\n<h3 data-path-to-node=\"12\">D\u1ecbch v\u1ee5 gia c\u00f4ng Amino Rong Bi\u1ec3n \u2013 Chuy\u00ean nghi\u1ec7p &amp; Uy t\u00edn<\/h3>\n<p data-path-to-node=\"13\">Ch\u00fang t\u00f4i mang \u0111\u1ebfn gi\u1ea3i ph\u00e1p gia c\u00f4ng tr\u1ecdn g\u00f3i cho qu\u00fd c\u00f4ng ty mu\u1ed1n kh\u1eb3ng \u0111\u1ecbnh v\u1ecb th\u1ebf tr\u00ean th\u1ecb tr\u01b0\u1eddng:<\/p>\n<ul data-path-to-node=\"14\">\n<li>\n<p data-path-to-node=\"14,0,0\"><b data-path-to-node=\"14,0,0\" data-index-in-node=\"0\">Linh ho\u1ea1t:<\/b> C\u1eaft l\u00f4 s\u1ed1 l\u01b0\u1ee3ng ph\u00f9 h\u1ee3p, quy c\u00e1ch \u0111\u00f3ng g\u00f3i \u0111a d\u1ea1ng.<\/p>\n<\/li>\n<li>\n<p data-path-to-node=\"14,1,0\"><b data-path-to-node=\"14,1,0\" data-index-in-node=\"0\">Th\u01b0\u01a1ng hi\u1ec7u ri\u00eang:<\/b> Thi\u1ebft k\u1ebf bao b\u00ec, nh\u00e3n m\u00e1c b\u1eaft m\u1eaft, mang \u0111\u1eadm d\u1ea5u \u1ea5n ri\u00eang c\u1ee7a kh\u00e1ch h\u00e0ng.<\/p>\n<\/li>\n<li>\n<p data-path-to-node=\"14,2,0\"><b data-path-to-node=\"14,2,0\" data-index-in-node=\"0\">T\u1ed1i \u01b0u l\u1ee3i nhu\u1eadn:<\/b> Gi\u00e1 Net t\u1eeb nh\u00e0 m\u00e1y.<\/p>\n<\/li>\n<li>\n<p data-path-to-node=\"14,3,0\"><b data-path-to-node=\"14,3,0\" data-index-in-node=\"0\">An t\u00e2m ph\u00e1p l\u00fd:<\/b> \u0110\u1ea3m b\u1ea3o \u0111\u1ea7y \u0111\u1ee7 gi\u1ea5y t\u1edd, m\u00e3 s\u1ed1 ph\u00e2n b\u00f3n, h\u1ed7 tr\u1ee3 l\u01b0u h\u00e0nh to\u00e0n qu\u1ed1c.<\/p>\n<\/li>\n<\/ul>\n<h3 data-start=\"2178\" data-end=\"2193\">K\u1ebeT LU\u1eacN<\/h3>\n<p data-start=\"2195\" data-end=\"2452\"><strong data-start=\"2195\" data-end=\"2214\">Amino Rong Bi\u1ec3n<\/strong> l\u00e0 l\u1ef1a ch\u1ecdn t\u1ed1i \u01b0u cho nh\u00e0 v\u01b0\u1eddn mu\u1ed1n <strong data-start=\"2252\" data-end=\"2302\">c\u00e2y kh\u1ecfe \u2013 \u0111\u1ea5t s\u1ea1ch \u2013 tr\u00e1i \u0111\u1eb9p \u2013 n\u0103ng su\u1ea5t cao<\/strong>, \u0111\u1ed3ng th\u1eddi l\u00e0 <strong data-start=\"2317\" data-end=\"2340\">s\u1ea3n ph\u1ea9m chi\u1ebfn l\u01b0\u1ee3c<\/strong> cho c\u00e1c \u0111\u01a1n v\u1ecb kinh doanh ph\u00e2n b\u00f3n mu\u1ed1n <strong data-start=\"2381\" data-end=\"2451\">x\u00e2y d\u1ef1ng th\u01b0\u01a1ng hi\u1ec7u ri\u00eang nhanh \u2013 chi ph\u00ed t\u1ed1i \u01b0u \u2013 ph\u00e1p l\u00fd an t\u00e2m<\/strong>.<\/p>\n<h2 data-start=\"2195\" data-end=\"2452\">Li\u00ean h\u1ec7<\/h2>\n<p data-start=\"2195\" data-end=\"2452\"><b data-path-to-node=\"16\" data-index-in-node=\"3\">C\u01a1 h\u1ed9i s\u1edf h\u1eefu nh\u00e3n h\u00e0ng ri\u00eang \u0111ang trong t\u1ea7m tay!<\/b> Qu\u00fd \u0111\u1ed1i t\u00e1c vui l\u00f2ng <b data-path-to-node=\"16\" data-index-in-node=\"74\">Inbox<\/b> ho\u1eb7c li\u00ean h\u1ec7 Hotline: <em><strong>0944 36 79 38<\/strong><\/em> \u0111\u1ec3 nh\u1eadn m\u1eabu th\u1eed v\u00e0 b\u00e1o gi\u00e1 t\u1ed1t nh\u1ea5t.<\/p>\n","protected":false},"excerpt":{"rendered":"<p><b data-path-to-node=\"19,0\" data-index-in-node=\"0\">Gia c\u00f4ng Amino Rong Bi\u1ec3n \u2013 Gi\u1ea3i ph\u00e1p h\u1ea1 ph\u00e8n, gi\u1ea3i \u0111\u1ed9c &amp; ph\u1ee5c h\u1ed3i c\u00e2y c\u1ef1c m\u1ea1nh.<\/b><\/p>\n<p>S\u1ea3n ph\u1ea9m gi\u00fap c\u00e2y xanh sung, ch\u1ed3i kh\u1ecfe, tr\u00e1i to b\u00f3ng ch\u1eafc.<\/p>\n<p>Nh\u1eadn l\u00e0m nh\u00e3n ri\u00eang tr\u1ecdn g\u00f3i: Gi\u00e1 n\u00e9t t\u1ea1i nh\u00e0 m\u00e1y, ph\u00e1p l\u00fd \u0111\u1ea7y \u0111\u1ee7, c\u1eaft l\u00f4 linh ho\u1ea1t. Li\u00ean h\u1ec7 ngay \u0111\u1ec3 nh\u1eadn b\u00e1o gi\u00e1 s\u1ec9!<\/p>\n","protected":false},"featured_media":1239,"comment_status":"open","ping_status":"closed","template":"","meta":[],"product_brand":[83],"product_cat":[75],"product_tag":[119,122,108,96,113,112,118,121,114,116,115,101,117,100,98,106,99,105,120,110,111,82,123,80,77,81,78,79,124],"class_list":{"0":"post-1229","1":"product","2":"type-product","3":"status-publish","4":"has-post-thumbnail","6":"product_brand-vinhkhang","7":"product_cat-phan-bon","8":"product_tag-cayantrai","9":"product_tag-caycongnghiep","10":"product_tag-dinhduongcaytrong","11":"product_tag-giacongnhanrieng","12":"product_tag-khoinghiepphanbon","13":"product_tag-lamnhanrieng","14":"product_tag-lamvuon","15":"product_tag-lua","16":"product_tag-nguonhangphanbon","17":"product_tag-nongnghiepbenvung","18":"product_tag-nongnghiepsach","19":"product_tag-nuoitrai","20":"product_tag-organicfertilizer","21":"product_tag-phanboncayantrai","22":"product_tag-phanbongiasi","23":"product_tag-phanbonhuuco","24":"product_tag-phanbonnhamay","25":"product_tag-phanbonsaurieng","26":"product_tag-saurieng","27":"product_tag-votdot","28":"product_tag-xanhla","29":"product_tag-amino","30":"product_tag-aminorongbien","31":"product_tag-giacongphanbon","32":"product_tag-phan-bon-amino","33":"product_tag-phanbon","34":"product_tag-phanbonla","35":"product_tag-phanbonviluong","36":"product_tag-seaweed","38":"first","39":"instock","40":"shipping-taxable","41":"product-type-simple"},"_links":{"self":[{"href":"https:\/\/phanbonvinhkhang.com\/index.php\/wp-json\/wp\/v2\/product\/1229","targetHints":{"allow":["GET"]}}],"collection":[{"href":"https:\/\/phanbonvinhkhang.com\/index.php\/wp-json\/wp\/v2\/product"}],"about":[{"href":"https:\/\/phanbonvinhkhang.com\/index.php\/wp-json\/wp\/v2\/types\/product"}],"replies":[{"embeddable":true,"href":"https:\/\/phanbonvinhkhang.com\/index.php\/wp-json\/wp\/v2\/comments?post=1229"}],"version-history":[{"count":2,"href":"https:\/\/phanbonvinhkhang.com\/index.php\/wp-json\/wp\/v2\/product\/1229\/revisions"}],"predecessor-version":[{"id":1241,"href":"https:\/\/phanbonvinhkhang.com\/index.php\/wp-json\/wp\/v2\/product\/1229\/revisions\/1241"}],"wp:featuredmedia":[{"embeddable":true,"href":"https:\/\/phanbonvinhkhang.com\/index.php\/wp-json\/wp\/v2\/media\/1239"}],"wp:attachment":[{"href":"https:\/\/phanbonvinhkhang.com\/index.php\/wp-json\/wp\/v2\/media?parent=1229"}],"wp:term":[{"taxonomy":"product_brand","embeddable":true,"href":"https:\/\/phanbonvinhkhang.com\/index.php\/wp-json\/wp\/v2\/product_brand?post=1229"},{"taxonomy":"product_cat","embeddable":true,"href":"https:\/\/phanbonvinhkhang.com\/index.php\/wp-json\/wp\/v2\/product_cat?post=1229"},{"taxonomy":"product_tag","embeddable":true,"href":"https:\/\/phanbonvinhkhang.com\/index.php\/wp-json\/wp\/v2\/product_tag?post=1229"}],"curies":[{"name":"wp","href":"https:\/\/api.w.org\/{rel}","templated":true}]}}