{"id":1242,"date":"2026-01-22T06:42:14","date_gmt":"2026-01-22T06:42:14","guid":{"rendered":"https:\/\/phanbonvinhkhang.com\/?post_type=product&#038;p=1242"},"modified":"2026-01-22T06:42:14","modified_gmt":"2026-01-22T06:42:14","slug":"atonik-giai-phap-kich-thich-sinh-truong-toan-dien-cho-cay-trong","status":"publish","type":"product","link":"https:\/\/phanbonvinhkhang.com\/index.php\/san-pham\/atonik-giai-phap-kich-thich-sinh-truong-toan-dien-cho-cay-trong\/","title":{"rendered":"ATONIK &#8211; Gi\u1ea3i Ph\u00e1p K\u00edch Th\u00edch Sinh Tr\u01b0\u1edfng To\u00e0n Di\u1ec7n Cho C\u00e2y Tr\u1ed3ng"},"content":{"rendered":"<p data-start=\"563\" data-end=\"806\"><strong data-start=\"563\" data-end=\"588\">ATONIK h\u1eefu c\u01a1 cao c\u1ea5p<\/strong> l\u00e0 d\u00f2ng \u00a0k\u00edch th\u00edch sinh tr\u01b0\u1edfng m\u1ea1nh, gi\u00fap c\u00e2y tr\u1ed3ng ra r\u1ec5 nhanh \u2013 b\u1eadt ch\u1ed3i kh\u1ecfe \u2013 ra hoa \u0111\u1ed3ng lo\u1ea1t \u2013 t\u0103ng \u0111\u1eadu tr\u00e1i, \u0111\u1ed3ng th\u1eddi n\u00e2ng cao kh\u1ea3 n\u0103ng h\u1ea5p thu dinh d\u01b0\u1ee1ng v\u00e0 s\u1ee9c \u0111\u1ec1 kh\u00e1ng t\u1ef1 nhi\u00ean c\u1ee7a c\u00e2y.<\/p>\n<p data-start=\"808\" data-end=\"997\">S\u1ea3n ph\u1ea9m ph\u00f9 h\u1ee3p s\u1eed d\u1ee5ng trong c\u00e1c giai \u0111o\u1ea1n sau tr\u1ed3ng \u2013 sau thu ho\u1ea1ch \u2013 tr\u01b0\u1edbc v\u00e0 trong ra hoa \u2013 nu\u00f4i tr\u00e1i, \u0111\u1eb7c bi\u1ec7t hi\u1ec7u qu\u1ea3 khi c\u00e2y b\u1ecb suy, ch\u1eadm ph\u00e1t tri\u1ec3n ho\u1eb7c xung \u0111\u1ed9t ph\u00e2n b\u00f3n.<\/p>\n<h2 data-start=\"808\" data-end=\"997\">Th\u00e0nh ph\u1ea7n<\/h2>\n<p><strong>C\u00f4ng th\u1ee9c 1:<\/strong><\/p>\n<ul>\n<li><span dir=\"auto\">\u0110\u1ed3ng (Cu): 3.000mg\/kg<\/span><\/li>\n<li><span dir=\"auto\">Bo (B): 3.000mg\/kg<\/span><\/li>\n<li><span dir=\"auto\">K\u1ebdm (Zn): 1.000mg\/kg<\/span><\/li>\n<li>T\u1ef7 tr\u1ecdng: 1,168<\/li>\n<\/ul>\n<p><strong>C\u00f4ng th\u1ee9c 2:<\/strong><\/p>\n<ul>\n<li>Ch\u1ea5t h\u1eefu c\u01a1: 25%;<\/li>\n<li>T\u1ef7 l\u1ec7 C\/N: 5;<\/li>\n<li>pHH2O: 7,2;<\/li>\n<li>T\u1ef7 tr\u1ecdng: 1,1<\/li>\n<\/ul>\n<h2>C\u00f4ng d\u1ee5ng n\u1ed5i b\u1eadt c\u1ee7a Atonik<\/h2>\n<p data-start=\"1268\" data-end=\"1305\"><strong data-start=\"1270\" data-end=\"1303\">K\u00edch r\u1ec5 m\u1ea1nh \u2013 ph\u1ee5c h\u1ed3i nhanh<\/strong><\/p>\n<ul data-start=\"1306\" data-end=\"1417\">\n<li data-start=\"1306\" data-end=\"1358\">\n<p data-start=\"1308\" data-end=\"1358\">K\u00edch th\u00edch ra r\u1ec5 m\u1edbi, r\u1ec5 t\u01a1 nhi\u1ec1u \u2013 kh\u1ecfe \u2013 tr\u1eafng<\/p>\n<\/li>\n<li data-start=\"1359\" data-end=\"1417\">\n<p data-start=\"1361\" data-end=\"1417\">Ph\u1ee5c h\u1ed3i c\u00e2y sau thu ho\u1ea1ch, sau h\u1ea1n \u2013 ng\u1eadp \u2013 s\u1ed1c thu\u1ed1c<\/p>\n<\/li>\n<\/ul>\n<p data-start=\"1419\" data-end=\"1462\"><strong data-start=\"1421\" data-end=\"1460\">K\u00edch ch\u1ed3i \u2013 n\u1ea3y m\u1ea7m nhanh, m\u1ea7m ch\u1eafc<\/strong><\/p>\n<ul data-start=\"1463\" data-end=\"1548\">\n<li data-start=\"1463\" data-end=\"1508\">\n<p data-start=\"1465\" data-end=\"1508\">B\u1eadt ch\u1ed3i \u0111\u1ed3ng lo\u1ea1t, m\u1ea7m kh\u1ecfe \u2013 \u00edt d\u1ecb d\u1ea1ng<\/p>\n<\/li>\n<li data-start=\"1509\" data-end=\"1548\">\n<p data-start=\"1511\" data-end=\"1548\">Gi\u00fap c\u00e2y ph\u00e1t tri\u1ec3n c\u00e2n \u0111\u1ed1i, sung s\u1ee9c<\/p>\n<\/li>\n<\/ul>\n<p data-start=\"1550\" data-end=\"1587\"><strong data-start=\"1552\" data-end=\"1585\">K\u00edch hoa m\u1ea1nh \u2013 t\u0103ng \u0111\u1eadu tr\u00e1i<\/strong><\/p>\n<ul data-start=\"1588\" data-end=\"1696\">\n<li data-start=\"1588\" data-end=\"1615\">\n<p data-start=\"1590\" data-end=\"1615\">H\u1ed7 tr\u1ee3 ph\u00e2n h\u00f3a m\u1ea7m hoa<\/p>\n<\/li>\n<li data-start=\"1616\" data-end=\"1667\">\n<p data-start=\"1618\" data-end=\"1667\">Ra hoa t\u1eadp trung, gi\u1ea3m r\u1ee5ng hoa \u2013 r\u1ee5ng tr\u00e1i non<\/p>\n<\/li>\n<li data-start=\"1668\" data-end=\"1696\">\n<p data-start=\"1670\" data-end=\"1696\">T\u0103ng t\u1ef7 l\u1ec7 \u0111\u1eadu tr\u00e1i r\u00f5 r\u1ec7t<\/p>\n<\/li>\n<\/ul>\n<p data-start=\"1698\" data-end=\"1754\"><strong data-start=\"1700\" data-end=\"1752\">T\u0103ng h\u1ea5p thu dinh d\u01b0\u1ee1ng \u2013 gi\u1ea3m xung \u0111\u1ed9t ph\u00e2n b\u00f3n<\/strong><\/p>\n<ul data-start=\"1755\" data-end=\"1879\">\n<li data-start=\"1755\" data-end=\"1797\">\n<p data-start=\"1757\" data-end=\"1797\">Gi\u00fap c\u00e2y h\u1ea5p thu ph\u00e2n b\u00f3n hi\u1ec7u qu\u1ea3 h\u01a1n<\/p>\n<\/li>\n<li data-start=\"1798\" data-end=\"1842\">\n<p data-start=\"1800\" data-end=\"1842\">H\u1ea1n ch\u1ebf hi\u1ec7n t\u01b0\u1ee3ng \u0111\u1ed1i kh\u00e1ng \u2013 kh\u00f3a ph\u00e2n<\/p>\n<\/li>\n<li data-start=\"1843\" data-end=\"1879\">\n<p data-start=\"1845\" data-end=\"1879\">C\u00e2y kh\u1ecfe, l\u00e1 s\u00e1ng, sinh tr\u01b0\u1edfng b\u1ec1n<\/p>\n<\/li>\n<\/ul>\n<h3 data-path-to-node=\"14\">V\u0128NH KHANG \u2013 \u0110\u1ed1i t\u00e1c gia c\u00f4ng nh\u00e3n ri\u00eang uy t\u00edn<\/h3>\n<p data-path-to-node=\"15\">Ch\u00fang t\u00f4i mang \u0111\u1ebfn c\u01a1 h\u1ed9i s\u1edf h\u1eefu th\u01b0\u01a1ng hi\u1ec7u Atonik ri\u00eang cho qu\u00fd \u0111\u1ea1i l\u00fd\/c\u00f4ng ty v\u1edbi ch\u00ednh s\u00e1ch \u01b0u vi\u1ec7t:<\/p>\n<ul data-path-to-node=\"16\">\n<li>\n<p data-path-to-node=\"16,0,0\"><b data-path-to-node=\"16,0,0\" data-index-in-node=\"0\">C\u1eaft l\u00f4 linh ho\u1ea1t:<\/b> Ph\u00f9 h\u1ee3p v\u1edbi m\u1ecdi quy m\u00f4 ng\u00e2n s\u00e1ch, quy c\u00e1ch \u0111\u00f3ng g\u00f3i theo y\u00eau c\u1ea7u ri\u00eang.<\/p>\n<\/li>\n<li>\n<p data-path-to-node=\"16,1,0\"><b data-path-to-node=\"16,1,0\" data-index-in-node=\"0\">Thi\u1ebft k\u1ebf chuy\u00ean nghi\u1ec7p:<\/b> H\u1ed7 tr\u1ee3 t\u1eeb kh\u00e2u l\u00ean \u00fd t\u01b0\u1edfng bao b\u00ec, nh\u00e3n m\u00e1c \u0111\u1ebfn ho\u00e0n thi\u1ec7n s\u1ea3n ph\u1ea9m.<\/p>\n<\/li>\n<li>\n<p data-path-to-node=\"16,2,0\"><b data-path-to-node=\"16,2,0\" data-index-in-node=\"0\">Gi\u00e1 Net t\u1eadn x\u01b0\u1edfng:<\/b> \u0110\u1ea3m b\u1ea3o t\u00ednh c\u1ea1nh tranh cao nh\u1ea5t tr\u00ean th\u1ecb tr\u01b0\u1eddng.<\/p>\n<\/li>\n<li>\n<p data-path-to-node=\"16,3,0\"><b data-path-to-node=\"16,3,0\" data-index-in-node=\"0\">Ph\u00e1p l\u00fd minh b\u1ea1ch:<\/b> \u0110\u1ea7y \u0111\u1ee7 gi\u1ea5y t\u1edd l\u01b0u h\u00e0nh, m\u00e3 s\u1ed1 ph\u00e2n b\u00f3n \u0111\u00fang quy \u0111\u1ecbnh.<\/p>\n<\/li>\n<\/ul>\n<h3 data-start=\"2464\" data-end=\"2479\">K\u1ebft lu\u1eadn<\/h3>\n<p data-start=\"2481\" data-end=\"2728\"><strong data-start=\"2481\" data-end=\"2506\">ATONIK h\u1eefu c\u01a1 cao c\u1ea5p<\/strong> l\u00e0 l\u1ef1a ch\u1ecdn l\u00fd t\u01b0\u1edfng gi\u00fap nh\u00e0 v\u01b0\u1eddn k\u00edch r\u1ec5 \u2013 k\u00edch ch\u1ed3i \u2013 k\u00edch hoa m\u1ea1nh nh\u01b0ng an to\u00e0n, \u0111\u1ed3ng th\u1eddi l\u00e0 s\u1ea3n ph\u1ea9m chi\u1ebfn l\u01b0\u1ee3c cho c\u00e1c \u0111\u01a1n v\u1ecb mu\u1ed1n x\u00e2y d\u1ef1ng th\u01b0\u01a1ng hi\u1ec7u ph\u00e2n b\u00f3n ri\u00eang v\u1edbi chi ph\u00ed t\u1ed1i \u01b0u v\u00e0 ph\u00e1p l\u00fd r\u00f5 r\u00e0ng.<\/p>\n<h2 data-start=\"2481\" data-end=\"2728\">Li\u00ean h\u1ec7<\/h2>\n<p data-start=\"2481\" data-end=\"2728\">Qu\u00fd kh\u00e1ch h\u00e0ng vui l\u00f2ng <b data-path-to-node=\"18\" data-index-in-node=\"80\">Inbox<\/b> ho\u1eb7c li\u00ean h\u1ec7 ngay hotline \u0111\u1ec3 nh\u1eadn b\u00e1o gi\u00e1 chi ti\u1ebft v\u00e0 t\u01b0 v\u1ea5n c\u00f4ng th\u1ee9c!<\/p>\n<p data-start=\"2481\" data-end=\"2728\">\ud83d\udcde <b data-path-to-node=\"18\" data-index-in-node=\"161\">Hotline: 0944 36 79 38<\/b><\/p>\n","protected":false},"excerpt":{"rendered":"<p data-path-to-node=\"21,0\"><b data-path-to-node=\"21,0\" data-index-in-node=\"0\">Gia c\u00f4ng Atonik H\u1eefu C\u01a1\u00a0\u2013 K\u00edch r\u1ec5 m\u1ea1nh, b\u1eadt ch\u1ed3i nhanh, \u0111\u1eadu tr\u00e1i \u0111\u1ea1t!<\/b><\/p>\n<p data-path-to-node=\"21,0\">Gi\u1ea3i ph\u00e1p t\u1ed1i \u01b0u gi\u00fap c\u00e2y h\u1ea5p thu dinh d\u01b0\u1ee1ng v\u01b0\u1ee3t tr\u1ed9i v\u00e0 x\u00f3a b\u1ecf hi\u1ec7n t\u01b0\u1ee3ng xung \u0111\u1ed9t ph\u00e2n b\u00f3n.<\/p>\n<p data-path-to-node=\"21,0\"><b data-path-to-node=\"21,0\" data-index-in-node=\"176\">V\u0128NH KHANG<\/b> nh\u1eadn l\u00e0m nh\u00e3n ri\u00eang tr\u1ecdn g\u00f3i: Gi\u00e1 g\u1ed1c t\u1eadn x\u01b0\u1edfng, ph\u00e1p l\u00fd \u0111\u1ea7y \u0111\u1ee7, c\u1eaft l\u00f4 linh ho\u1ea1t. Inbox \u0111\u1ec3 nh\u1eadn b\u00e1o gi\u00e1 s\u1ec9 ngay!<\/p>\n","protected":false},"featured_media":1248,"comment_status":"open","ping_status":"closed","template":"","meta":[],"product_brand":[83],"product_cat":[75],"product_tag":[119,122,108,96,113,109,112,118,121,114,116,115,101,117,100,98,106,99,105,120,80,77,93,81,78,79],"class_list":{"0":"post-1242","1":"product","2":"type-product","3":"status-publish","4":"has-post-thumbnail","6":"product_brand-vinhkhang","7":"product_cat-phan-bon","8":"product_tag-cayantrai","9":"product_tag-caycongnghiep","10":"product_tag-dinhduongcaytrong","11":"product_tag-giacongnhanrieng","12":"product_tag-khoinghiepphanbon","13":"product_tag-kichre","14":"product_tag-lamnhanrieng","15":"product_tag-lamvuon","16":"product_tag-lua","17":"product_tag-nguonhangphanbon","18":"product_tag-nongnghiepbenvung","19":"product_tag-nongnghiepsach","20":"product_tag-nuoitrai","21":"product_tag-organicfertilizer","22":"product_tag-phanboncayantrai","23":"product_tag-phanbongiasi","24":"product_tag-phanbonhuuco","25":"product_tag-phanbonnhamay","26":"product_tag-phanbonsaurieng","27":"product_tag-saurieng","28":"product_tag-giacongphanbon","29":"product_tag-phan-bon-amino","30":"product_tag-phan-bon-huu-co","31":"product_tag-phanbon","32":"product_tag-phanbonla","33":"product_tag-phanbonviluong","35":"first","36":"instock","37":"shipping-taxable","38":"product-type-simple"},"_links":{"self":[{"href":"https:\/\/phanbonvinhkhang.com\/index.php\/wp-json\/wp\/v2\/product\/1242","targetHints":{"allow":["GET"]}}],"collection":[{"href":"https:\/\/phanbonvinhkhang.com\/index.php\/wp-json\/wp\/v2\/product"}],"about":[{"href":"https:\/\/phanbonvinhkhang.com\/index.php\/wp-json\/wp\/v2\/types\/product"}],"replies":[{"embeddable":true,"href":"https:\/\/phanbonvinhkhang.com\/index.php\/wp-json\/wp\/v2\/comments?post=1242"}],"version-history":[{"count":1,"href":"https:\/\/phanbonvinhkhang.com\/index.php\/wp-json\/wp\/v2\/product\/1242\/revisions"}],"predecessor-version":[{"id":1249,"href":"https:\/\/phanbonvinhkhang.com\/index.php\/wp-json\/wp\/v2\/product\/1242\/revisions\/1249"}],"wp:featuredmedia":[{"embeddable":true,"href":"https:\/\/phanbonvinhkhang.com\/index.php\/wp-json\/wp\/v2\/media\/1248"}],"wp:attachment":[{"href":"https:\/\/phanbonvinhkhang.com\/index.php\/wp-json\/wp\/v2\/media?parent=1242"}],"wp:term":[{"taxonomy":"product_brand","embeddable":true,"href":"https:\/\/phanbonvinhkhang.com\/index.php\/wp-json\/wp\/v2\/product_brand?post=1242"},{"taxonomy":"product_cat","embeddable":true,"href":"https:\/\/phanbonvinhkhang.com\/index.php\/wp-json\/wp\/v2\/product_cat?post=1242"},{"taxonomy":"product_tag","embeddable":true,"href":"https:\/\/phanbonvinhkhang.com\/index.php\/wp-json\/wp\/v2\/product_tag?post=1242"}],"curies":[{"name":"wp","href":"https:\/\/api.w.org\/{rel}","templated":true}]}}