{"id":1252,"date":"2026-01-26T08:08:29","date_gmt":"2026-01-26T08:08:29","guid":{"rendered":"https:\/\/phanbonvinhkhang.com\/?post_type=product&#038;p=1252"},"modified":"2026-01-26T08:08:29","modified_gmt":"2026-01-26T08:08:29","slug":"bo-usa-bi-quyet-sieu-dau-trai-chong-rung-tuyet-doi","status":"publish","type":"product","link":"https:\/\/phanbonvinhkhang.com\/index.php\/san-pham\/bo-usa-bi-quyet-sieu-dau-trai-chong-rung-tuyet-doi\/","title":{"rendered":"BO USA \u2013 B\u00cd QUY\u1ebeT SI\u00caU \u0110\u1eacU TR\u00c1I &#038; CH\u1ed0NG R\u1ee4NG TUY\u1ec6T \u0110\u1ed0I"},"content":{"rendered":"<p>Trong giai \u0111o\u1ea1n ra hoa k\u1ebft tr\u00e1i, vi\u1ec7c thi\u1ebfu h\u1ee5t Boron (Bo) l\u00e0 nguy\u00ean nh\u00e2n ch\u00ednh d\u1eabn \u0111\u1ebfn t\u00ecnh tr\u1ea1ng r\u1ee5ng hoa, n\u1ee9t tr\u00e1i v\u00e0 m\u00f3p m\u00e9o tr\u00e1i. <b data-path-to-node=\"7\" data-index-in-node=\"135\">BO USA<\/b> v\u1edbi c\u00f4ng th\u1ee9c tinh ch\u1ea5t si\u00eau \u0111\u1eadm \u0111\u1eb7c l\u00e0 gi\u1ea3i ph\u00e1p h\u00e0ng \u0111\u1ea7u gi\u00fap nh\u00e0 v\u01b0\u1eddn t\u1ed1i \u01b0u h\u00f3a n\u0103ng su\u1ea5t v\u00e0 ch\u1ea5t l\u01b0\u1ee3ng n\u00f4ng s\u1ea3n.<\/p>\n<p data-start=\"522\" data-end=\"780\"><em><strong>Bo USA<\/strong><\/em> chuy\u00ean bi\u1ec7t cho giai \u0111o\u1ea1n ra hoa \u2013 th\u1ee5 ph\u1ea5n \u2013 \u0111\u1eadu tr\u00e1i \u2013 nu\u00f4i tr\u00e1i non, gi\u00fap c\u00e2y \u0111\u1eadu tr\u00e1i m\u1ea1nh \u2013 tr\u00e1i tr\u00f2n \u0111\u1ec1u \u2013 b\u00f3ng s\u00e1ng t\u1ef1 nhi\u00ean. S\u1ea3n ph\u1ea9m \u0111\u1eb7c bi\u1ec7t ph\u00f9 h\u1ee3p cho c\u00e1c v\u01b0\u1eddn c\u00e2y y\u00eau c\u1ea7u \u0111\u1eadu tr\u00e1i cao, h\u1ea1n ch\u1ebf r\u1ee5ng sinh l\u00fd v\u00e0 n\u00e2ng cao ch\u1ea5t l\u01b0\u1ee3ng tr\u00e1i th\u01b0\u01a1ng ph\u1ea9m.<\/p>\n<h2 data-start=\"522\" data-end=\"780\">Th\u00e0nh ph\u1ea7n \u0111\u0103ng k\u00fd<\/h2>\n<ul>\n<li data-start=\"952\" data-end=\"979\">\n<p data-start=\"954\" data-end=\"979\"><strong data-start=\"954\" data-end=\"965\">Bo (B):<\/strong> 80.000 mg\/L<\/p>\n<\/li>\n<li data-start=\"980\" data-end=\"1073\">\n<p data-start=\"982\" data-end=\"1073\"><strong data-start=\"982\" data-end=\"995\">T\u1ef7 tr\u1ecdng:<\/strong> 1.308<\/p>\n<\/li>\n<\/ul>\n<h2>C\u00f4ng d\u1ee5ng n\u1ed5i b\u1eadt c\u1ee7a Bo USA<\/h2>\n<p data-start=\"1117\" data-end=\"1160\"><strong data-start=\"1119\" data-end=\"1158\">T\u0103ng t\u1ef7 l\u1ec7 th\u1ee5 ph\u1ea5n \u2013 si\u00eau \u0111\u1eadu tr\u00e1i<\/strong><\/p>\n<ul data-start=\"1161\" data-end=\"1254\">\n<li data-start=\"1161\" data-end=\"1209\">\n<p data-start=\"1163\" data-end=\"1209\">Gi\u00fap h\u1ea1t ph\u1ea5n kh\u1ecfe, \u1ed1ng ph\u1ea5n ph\u00e1t tri\u1ec3n m\u1ea1nh<\/p>\n<\/li>\n<li data-start=\"1210\" data-end=\"1254\">\n<p data-start=\"1212\" data-end=\"1254\">Ra hoa \u0111\u1ed3ng lo\u1ea1t, \u0111\u1eadu tr\u00e1i cao \u2013 \u1ed5n \u0111\u1ecbnh<\/p>\n<\/li>\n<\/ul>\n<p data-start=\"1256\" data-end=\"1301\"><strong data-start=\"1258\" data-end=\"1299\">D\u01b0\u1ee1ng hoa kh\u1ecfe \u2013 h\u1ea1n ch\u1ebf r\u1ee5ng sinh l\u00fd<\/strong><\/p>\n<ul data-start=\"1302\" data-end=\"1386\">\n<li data-start=\"1302\" data-end=\"1334\">\n<p data-start=\"1304\" data-end=\"1334\">Gi\u1ea3m r\u1ee5ng hoa, r\u1ee5ng tr\u00e1i non<\/p>\n<\/li>\n<li data-start=\"1335\" data-end=\"1386\">\n<p data-start=\"1337\" data-end=\"1386\">Gi\u1eef tr\u00e1i b\u1ec1n cu\u1ed1ng, nu\u00f4i tr\u00e1i t\u1ed1t giai \u0111o\u1ea1n \u0111\u1ea7u<\/p>\n<\/li>\n<\/ul>\n<p data-start=\"1388\" data-end=\"1434\"><strong data-start=\"1390\" data-end=\"1432\">D\u01b0\u1ee1ng tr\u00e1i b\u00f3ng s\u00e1ng \u2013 \u0111\u1eb9p m\u00e3 t\u1ef1 nhi\u00ean<\/strong><\/p>\n<ul data-start=\"1435\" data-end=\"1508\">\n<li data-start=\"1435\" data-end=\"1465\">\n<p data-start=\"1437\" data-end=\"1465\">Tr\u00e1i tr\u00f2n \u0111\u1ec1u, da l\u00e1ng m\u1ecbn<\/p>\n<\/li>\n<li data-start=\"1466\" data-end=\"1508\">\n<p data-start=\"1468\" data-end=\"1508\">T\u0103ng gi\u00e1 tr\u1ecb th\u01b0\u01a1ng ph\u1ea9m khi thu ho\u1ea1ch<\/p>\n<\/li>\n<\/ul>\n<p data-start=\"1510\" data-end=\"1547\"><strong data-start=\"1512\" data-end=\"1545\">Gi\u1ea3m n\u1ee9t tr\u00e1i \u2013 ch\u1ed1ng m\u00f3p m\u00e9o<\/strong><\/p>\n<ul data-start=\"1548\" data-end=\"1639\">\n<li data-start=\"1548\" data-end=\"1580\">\n<p data-start=\"1550\" data-end=\"1580\">H\u1ea1n ch\u1ebf n\u1ee9t tr\u00e1i do thi\u1ebfu Bo<\/p>\n<\/li>\n<li data-start=\"1581\" data-end=\"1639\">\n<p data-start=\"1583\" data-end=\"1639\">Gi\u1ea3m m\u00e9o tr\u00e1i, d\u1ecb d\u1ea1ng, \u0111\u1eb7c bi\u1ec7t giai \u0111o\u1ea1n nu\u00f4i tr\u00e1i non<\/p>\n<\/li>\n<\/ul>\n<h2 data-start=\"1646\" data-end=\"1670\">\u0110\u1ed1i t\u01b0\u1ee3ng s\u1eed d\u1ee5ng<\/h2>\n<ul data-start=\"1671\" data-end=\"1817\">\n<li data-start=\"1671\" data-end=\"1747\">\n<p data-start=\"1673\" data-end=\"1747\"><strong data-start=\"1673\" data-end=\"1689\">C\u00e2y \u0103n tr\u00e1i:<\/strong> S\u1ea7u ri\u00eang, cam, qu\u00fdt, b\u01b0\u1edfi, xo\u00e0i, m\u00edt, nh\u00e3n, ch\u00f4m ch\u00f4m\u2026<\/p>\n<\/li>\n<li data-start=\"1748\" data-end=\"1790\">\n<p data-start=\"1750\" data-end=\"1790\"><strong data-start=\"1750\" data-end=\"1762\">Rau m\u00e0u:<\/strong> C\u00e0 chua, \u1edbt, d\u01b0a, b\u1ea7u b\u00ed\u2026<\/p>\n<\/li>\n<li data-start=\"1791\" data-end=\"1817\">\n<p data-start=\"1793\" data-end=\"1817\"><strong data-start=\"1793\" data-end=\"1817\">Hoa ki\u1ec3ng \u2013 c\u00e2y c\u1ea3nh<\/strong><\/p>\n<\/li>\n<\/ul>\n<h2 data-path-to-node=\"13\">D\u1ecbch v\u1ee5 gia c\u00f4ng t\u1ea1i V\u0129nh Khang<\/h2>\n<p data-path-to-node=\"14\">Ch\u00fang t\u00f4i h\u1ed7 tr\u1ee3 qu\u00fd \u0111\u1ed1i t\u00e1c x\u00e2y d\u1ef1ng th\u01b0\u01a1ng hi\u1ec7u <b data-path-to-node=\"14\" data-index-in-node=\"50\">Bo USA<\/b> \u0111\u1ed9c quy\u1ec1n:<\/p>\n<ul data-path-to-node=\"15\">\n<li>\n<p data-path-to-node=\"15,0,0\"><b data-path-to-node=\"15,0,0\" data-index-in-node=\"0\">Gia c\u00f4ng nh\u00e3n ri\u00eang:<\/b> Thi\u1ebft k\u1ebf tem nh\u00e3n, bao b\u00ec \u0111\u1ed9c \u0111\u00e1o, chuy\u00ean nghi\u1ec7p theo y\u00eau c\u1ea7u.<\/p>\n<\/li>\n<li>\n<p data-path-to-node=\"15,1,0\"><b data-path-to-node=\"15,1,0\" data-index-in-node=\"0\">C\u1eaft l\u00f4 linh ho\u1ea1t:<\/b> \u0110\u00e1p \u1ee9ng m\u1ecdi s\u1ed1 l\u01b0\u1ee3ng \u0111\u01a1n h\u00e0ng, quy c\u00e1ch chai l\u1ecd \u0111a d\u1ea1ng.<\/p>\n<\/li>\n<li>\n<p data-path-to-node=\"15,2,0\"><b data-path-to-node=\"15,2,0\" data-index-in-node=\"0\">Gi\u00e1 s\u1ec9 t\u1eadn x\u01b0\u1edfng:<\/b> T\u1ed1i \u01b0u chi ph\u00ed s\u1ea3n xu\u1ea5t, gi\u00fap \u0111\u1ed1i t\u00e1c c\u00f3 bi\u00ean \u0111\u1ed9 l\u1ee3i nhu\u1eadn t\u1ed1t nh\u1ea5t.<\/p>\n<\/li>\n<li>\n<p data-path-to-node=\"15,3,0\"><b data-path-to-node=\"15,3,0\" data-index-in-node=\"0\">Ph\u00e1p l\u00fd tr\u1ecdn g\u00f3i:<\/b> \u0110\u1ea7y \u0111\u1ee7 gi\u1ea5y ph\u00e9p l\u01b0u h\u00e0nh, m\u00e3 s\u1ed1 ph\u00e2n b\u00f3n, \u0111\u1ea3m b\u1ea3o kinh doanh b\u1ec1n v\u1eefng.<\/p>\n<\/li>\n<\/ul>\n<p>Ph\u00f9 h\u1ee3p cho \u0111\u1ea1i l\u00fd ph\u00e2n b\u00f3n, c\u00f4ng ty th\u01b0\u01a1ng m\u1ea1i, kinh doanh s\u00e0n TM\u0110T &amp; TikTok Shop.<\/p>\n<h2>K\u1ebft lu\u1eadn<\/h2>\n<p><strong data-start=\"2212\" data-end=\"2241\">BO USA<\/strong> \u0111\u1eadm \u0111\u1eb7c\u00a0l\u00e0 gi\u1ea3i ph\u00e1p t\u1ed1i \u01b0u cho nh\u00e0 v\u01b0\u1eddn mu\u1ed1n \u0111\u1eadu tr\u00e1i m\u1ea1nh \u2013 tr\u00e1i \u0111\u1eb9p \u2013 h\u1ea1n ch\u1ebf r\u1ee7i ro r\u1ee5ng v\u00e0 n\u1ee9t tr\u00e1i, \u0111\u1ed3ng th\u1eddi l\u00e0 s\u1ea3n ph\u1ea9m chi\u1ebfn l\u01b0\u1ee3c cho c\u00e1c \u0111\u01a1n v\u1ecb c\u1ea7n ngu\u1ed3n Bo ch\u1ea5t l\u01b0\u1ee3ng cao \u0111\u1ec3 ph\u00e1t tri\u1ec3n th\u01b0\u01a1ng hi\u1ec7u ri\u00eang.<\/p>\n<h2>Li\u00ean h\u1ec7<\/h2>\n<p>H\u00e3y li\u00ean h\u1ec7 ngay v\u1edbi <b data-path-to-node=\"17\" data-index-in-node=\"71\">V\u0128NH KHANG<\/b> \u0111\u1ec3 \u0111\u01b0\u1ee3c t\u01b0 v\u1ea5n k\u1ef9 thu\u1eadt v\u00e0 nh\u1eadn b\u00e1o gi\u00e1 s\u1ec9 t\u1ed1t nh\u1ea5t th\u1ecb tr\u01b0\u1eddng!<\/p>\n<p>\ud83d\udcde <b data-path-to-node=\"17\" data-index-in-node=\"149\">Hotline:<\/b> 0944 36 79 38<\/p>\n","protected":false},"excerpt":{"rendered":"<p><b data-path-to-node=\"20,0\" data-index-in-node=\"0\">Gia c\u00f4ng Bo USA \u00a0\u2013 Gi\u1ea3i ph\u00e1p si\u00eau \u0111\u1eadu tr\u00e1i, ch\u1ed1ng n\u1ee9t, s\u00e1ng b\u00f3ng tr\u00e1i t\u1ef1 nhi\u00ean.<\/b><\/p>\n<p>V\u0128NH KHANG nh\u1eadn l\u00e0m nh\u00e3n ri\u00eang tr\u1ecdn g\u00f3i: Gi\u00e1 s\u1ec9 t\u1eadn x\u01b0\u1edfng, c\u1eaft l\u00f4 linh ho\u1ea1t, ph\u00e1p l\u00fd \u0111\u1ea7y \u0111\u1ee7.<\/p>\n<p>H\u1ed7 tr\u1ee3 thi\u1ebft k\u1ebf bao b\u00ec chuy\u00ean nghi\u1ec7p. Inbox ngay \u0111\u1ec3 nh\u1eadn t\u01b0 v\u1ea5n!<\/p>\n","protected":false},"featured_media":1255,"comment_status":"open","ping_status":"closed","template":"","meta":[],"product_brand":[83],"product_cat":[75],"product_tag":[126,125,119,122,128,108,96,113,112,118,121,114,116,130,115,101,117,100,98,99,105,120,127,102,129,89,80,81,78,79,85,87],"class_list":{"0":"post-1252","1":"product","2":"type-product","3":"status-publish","4":"has-post-thumbnail","6":"product_brand-vinhkhang","7":"product_cat-phan-bon","8":"product_tag-boron","9":"product_tag-bousa","10":"product_tag-cayantrai","11":"product_tag-caycongnghiep","12":"product_tag-chongrungtrai","13":"product_tag-dinhduongcaytrong","14":"product_tag-giacongnhanrieng","15":"product_tag-khoinghiepphanbon","16":"product_tag-lamnhanrieng","17":"product_tag-lamvuon","18":"product_tag-lua","19":"product_tag-nguonhangphanbon","20":"product_tag-nongnghiepbenvung","21":"product_tag-nongnghiepcongnghecao","22":"product_tag-nongnghiepsach","23":"product_tag-nuoitrai","24":"product_tag-organicfertilizer","25":"product_tag-phanboncayantrai","26":"product_tag-phanbongiasi","27":"product_tag-phanbonnhamay","28":"product_tag-phanbonsaurieng","29":"product_tag-saurieng","30":"product_tag-sieudautrai","31":"product_tag-tangdautrai","32":"product_tag-vinhkhang","33":"product_tag-chongrung","34":"product_tag-giacongphanbon","35":"product_tag-phanbon","36":"product_tag-phanbonla","37":"product_tag-phanbonviluong","38":"product_tag-san-pham-chong-rung-hoa-trai-non","39":"product_tag-tang-bong-dep-cho-qua","41":"first","42":"instock","43":"shipping-taxable","44":"product-type-simple"},"_links":{"self":[{"href":"https:\/\/phanbonvinhkhang.com\/index.php\/wp-json\/wp\/v2\/product\/1252","targetHints":{"allow":["GET"]}}],"collection":[{"href":"https:\/\/phanbonvinhkhang.com\/index.php\/wp-json\/wp\/v2\/product"}],"about":[{"href":"https:\/\/phanbonvinhkhang.com\/index.php\/wp-json\/wp\/v2\/types\/product"}],"replies":[{"embeddable":true,"href":"https:\/\/phanbonvinhkhang.com\/index.php\/wp-json\/wp\/v2\/comments?post=1252"}],"version-history":[{"count":1,"href":"https:\/\/phanbonvinhkhang.com\/index.php\/wp-json\/wp\/v2\/product\/1252\/revisions"}],"predecessor-version":[{"id":1256,"href":"https:\/\/phanbonvinhkhang.com\/index.php\/wp-json\/wp\/v2\/product\/1252\/revisions\/1256"}],"wp:featuredmedia":[{"embeddable":true,"href":"https:\/\/phanbonvinhkhang.com\/index.php\/wp-json\/wp\/v2\/media\/1255"}],"wp:attachment":[{"href":"https:\/\/phanbonvinhkhang.com\/index.php\/wp-json\/wp\/v2\/media?parent=1252"}],"wp:term":[{"taxonomy":"product_brand","embeddable":true,"href":"https:\/\/phanbonvinhkhang.com\/index.php\/wp-json\/wp\/v2\/product_brand?post=1252"},{"taxonomy":"product_cat","embeddable":true,"href":"https:\/\/phanbonvinhkhang.com\/index.php\/wp-json\/wp\/v2\/product_cat?post=1252"},{"taxonomy":"product_tag","embeddable":true,"href":"https:\/\/phanbonvinhkhang.com\/index.php\/wp-json\/wp\/v2\/product_tag?post=1252"}],"curies":[{"name":"wp","href":"https:\/\/api.w.org\/{rel}","templated":true}]}}