{"id":1258,"date":"2026-01-26T12:44:26","date_gmt":"2026-01-26T12:44:26","guid":{"rendered":"https:\/\/phanbonvinhkhang.com\/?post_type=product&#038;p=1258"},"modified":"2026-01-26T12:44:26","modified_gmt":"2026-01-26T12:44:26","slug":"bung-dot-mai-vang-giai-phap-chuyen-biet-cho-mai-kieng","status":"publish","type":"product","link":"https:\/\/phanbonvinhkhang.com\/index.php\/san-pham\/bung-dot-mai-vang-giai-phap-chuyen-biet-cho-mai-kieng\/","title":{"rendered":"Bung \u0110\u1ecdt Mai V\u00e0ng &#8211; Gi\u1ea3i Ph\u00e1p Chuy\u00ean Bi\u1ec7t Cho Mai Ki\u1ec3ng"},"content":{"rendered":"<p>Mai v\u00e0ng l\u00e0 lo\u1ea1i c\u00e2y \u0111\u00f2i h\u1ecfi s\u1ef1 ch\u0103m s\u00f3c t\u1ec9 m\u1ec9 v\u1edbi ch\u1ebf \u0111\u1ed9 dinh d\u01b0\u1ee1ng kh\u1eaft khe. Hi\u1ec3u \u0111\u01b0\u1ee3c \u0111i\u1ec1u \u0111\u00f3, <b data-path-to-node=\"7\" data-index-in-node=\"98\">V\u0128NH KHANG<\/b> gi\u1edbi thi\u1ec7u d\u00f2ng s\u1ea3n ph\u1ea9m <b data-path-to-node=\"7\" data-index-in-node=\"134\">Bung \u0110\u1ecdt Mai V\u00e0ng<\/b> v\u1edbi c\u00f4ng th\u1ee9c h\u1eefu c\u01a1 l\u00fd t\u01b0\u1edfng, gi\u00fap c\u00e2y &#8220;thay da \u0111\u1ed5i th\u1ecbt&#8221;, chu\u1ea9n b\u1ecb n\u1ec1n t\u1ea3ng t\u1ed1t nh\u1ea5t cho nh\u1eefng m\u00f9a hoa r\u1ef1c r\u1ee1.<\/p>\n<p data-start=\"587\" data-end=\"792\"><strong data-start=\"587\" data-end=\"608\">Bung \u0110\u1ecdt Mai V\u00e0ng<\/strong> l\u00e0 d\u00f2ng ph\u00e2n b\u00f3n h\u1eefu c\u01a1 kho\u00e1ng chuy\u00ean bi\u1ec7t d\u00e0nh cho mai ki\u1ec3ng cao c\u1ea5p, \u0111\u01b0\u1ee3c nghi\u00ean c\u1ee9u ph\u00f9 h\u1ee3p v\u1edbi sinh l\u00fd c\u00e2y mai trong giai \u0111o\u1ea1n sau t\u00e0n \u2013 ph\u1ee5c h\u1ed3i \u2013 ph\u00e1t \u0111\u1ecdt \u2013 nu\u00f4i n\u1ee5.<\/p>\n<p data-start=\"794\" data-end=\"972\">S\u1ea3n ph\u1ea9m gi\u00fap \u0111\u1ecdt non bung m\u1ea1nh \u2013 l\u00e1 to d\u00e0y \u2013 xanh b\u1ec1n, \u0111\u1ed3ng th\u1eddi t\u0103ng c\u01b0\u1eddng b\u1ed9 r\u1ec5 kh\u1ecfe, s\u1ee9c \u0111\u1ec1 kh\u00e1ng cao, t\u1ea1o n\u1ec1n c\u00e2y sung s\u1ee9c \u0111\u1ec3 nu\u00f4i n\u1ee5 \u0111\u1ec1u v\u00e0 n\u1edf hoa \u0111\u1eb9p \u0111\u00fang T\u1ebft.<\/p>\n<h2 data-start=\"794\" data-end=\"972\">Th\u00e0nh ph\u1ea7n \u0111\u0103ng k\u00fd<\/h2>\n<h3>C\u00f4ng th\u1ee9c 1:<\/h3>\n<ul>\n<li data-start=\"1005\" data-end=\"1020\">\n<p data-start=\"1007\" data-end=\"1020\"><strong data-start=\"1007\" data-end=\"1014\">Ch\u1ea5t h\u1eefu c\u01a1:<\/strong> 20%<\/p>\n<\/li>\n<li data-start=\"1021\" data-end=\"1036\">\n<p data-start=\"1023\" data-end=\"1036\"><strong data-start=\"1023\" data-end=\"1029\">NPK:<\/strong> 2,5-2,5-2,5%<\/p>\n<\/li>\n<li data-start=\"1069\" data-end=\"1112\">\n<p data-start=\"1071\" data-end=\"1112\"><strong data-start=\"1071\" data-end=\"1078\">pHH2O:<\/strong> 7<\/p>\n<\/li>\n<li data-start=\"1113\" data-end=\"1134\">\n<p data-start=\"1115\" data-end=\"1134\"><strong data-start=\"1115\" data-end=\"1128\">T\u1ef7 tr\u1ecdng:<\/strong> 1,1<\/p>\n<\/li>\n<\/ul>\n<h3>C\u00f4ng th\u1ee9c 2:<\/h3>\n<ul>\n<li><strong>\u0110\u1ea1m t\u1ed5ng s\u1ed1:<\/strong> 11%;<\/li>\n<li><strong>L\u00e2n h\u1eefu hi\u1ec7u:<\/strong> 5%;<\/li>\n<li><strong>Kali h\u1eefu hi\u1ec7u:<\/strong> 3%;<\/li>\n<li><strong>T\u1ef7 tr\u1ecdng:<\/strong> 1,248<\/li>\n<\/ul>\n<h2>C\u00f4ng d\u1ee5ng n\u1ed5i b\u1eadt c\u1ee7a Bung \u0110\u1ecdt Mai V\u00e0ng<\/h2>\n<p data-start=\"1258\" data-end=\"1310\"><strong data-start=\"1260\" data-end=\"1308\">K\u00edch \u0111\u1ecdt non bung m\u1ea1nh \u2013 l\u00e1 to d\u00e0y, xanh b\u1ec1n<\/strong><\/p>\n<ul data-start=\"1311\" data-end=\"1377\">\n<li data-start=\"1311\" data-end=\"1337\">\n<p data-start=\"1313\" data-end=\"1337\">\u0110\u1ecdt ra \u0111\u1ec1u, m\u1eadp \u2013 kh\u1ecfe<\/p>\n<\/li>\n<li data-start=\"1338\" data-end=\"1377\">\n<p data-start=\"1340\" data-end=\"1377\">L\u00e1 d\u00e0y, b\u1ea3n l\u1edbn, m\u00e0u xanh \u1ed5n \u0111\u1ecbnh l\u00e2u<\/p>\n<\/li>\n<\/ul>\n<p data-start=\"1379\" data-end=\"1426\"><strong data-start=\"1381\" data-end=\"1424\">Ph\u1ee5c h\u1ed3i c\u00e2y nhanh sau t\u00e0n \u2013 r\u1ec5 \u0103n kh\u1ecfe<\/strong><\/p>\n<ul data-start=\"1427\" data-end=\"1508\">\n<li data-start=\"1427\" data-end=\"1465\">\n<p data-start=\"1429\" data-end=\"1465\">Gi\u00fap c\u00e2y h\u1ed3i s\u1ee9c nhanh sau m\u00f9a hoa<\/p>\n<\/li>\n<li data-start=\"1466\" data-end=\"1508\">\n<p data-start=\"1468\" data-end=\"1508\">K\u00edch th\u00edch r\u1ec5 m\u1edbi, r\u1ec5 t\u01a1 ph\u00e1t tri\u1ec3n m\u1ea1nh<\/p>\n<\/li>\n<\/ul>\n<p data-start=\"1510\" data-end=\"1563\"><strong data-start=\"1512\" data-end=\"1561\">T\u0103ng s\u1ee9c \u0111\u1ec1 kh\u00e1ng \u2013 h\u1ea1n ch\u1ebf v\u00e0ng l\u00e1, ch\u1eadm \u0111\u1ecdt<\/strong><\/p>\n<ul data-start=\"1564\" data-end=\"1629\">\n<li data-start=\"1564\" data-end=\"1601\">\n<p data-start=\"1566\" data-end=\"1601\">Gi\u1ea3m hi\u1ec7n t\u01b0\u1ee3ng suy c\u00e2y, \u0111\u1ee9ng \u0111\u1ecdt<\/p>\n<\/li>\n<li data-start=\"1602\" data-end=\"1629\">\n<p data-start=\"1604\" data-end=\"1629\">C\u00e2y kh\u1ecfe, \u00edt s\u00e2u b\u1ec7nh h\u01a1n<\/p>\n<\/li>\n<\/ul>\n<p data-start=\"1631\" data-end=\"1678\"><strong data-start=\"1633\" data-end=\"1676\">Nu\u00f4i n\u1ee5 \u0111\u1ed3ng \u0111\u1ec1u \u2013 kh\u1ecfe t\u1eeb g\u1ed1c \u0111\u1ebfn ng\u1ecdn<\/strong><\/p>\n<ul data-start=\"1679\" data-end=\"1754\">\n<li data-start=\"1679\" data-end=\"1713\">\n<p data-start=\"1681\" data-end=\"1713\">Gi\u00fap m\u1ea7m n\u1ee5 ph\u00e1t tri\u1ec3n c\u00e2n \u0111\u1ed1i<\/p>\n<\/li>\n<li data-start=\"1714\" data-end=\"1754\">\n<p data-start=\"1716\" data-end=\"1754\">N\u1ee5 kh\u1ecfe, h\u1ea1n ch\u1ebf r\u1ee5ng, n\u1ec1n c\u00e2y b\u1ec1n s\u1ee9c<\/p>\n<\/li>\n<\/ul>\n<h2>\u0110\u1ed1i t\u01b0\u1ee3ng s\u1eed d\u1ee5ng<\/h2>\n<ul data-start=\"1786\" data-end=\"1904\">\n<li data-start=\"1786\" data-end=\"1842\">\n<p data-start=\"1788\" data-end=\"1842\"><strong data-start=\"1788\" data-end=\"1807\">Mai v\u00e0ng ki\u1ec3ng:<\/strong> mai ch\u1eadu, mai bonsai, mai c\u1ed5 th\u1ee5<\/p>\n<\/li>\n<li data-start=\"1843\" data-end=\"1904\">\n<p data-start=\"1845\" data-end=\"1904\">Ph\u00f9 h\u1ee3p cho <strong data-start=\"1857\" data-end=\"1904\">nh\u00e0 v\u01b0\u1eddn chuy\u00ean mai T\u1ebft, ngh\u1ec7 nh\u00e2n mai c\u1ea3nh<\/strong><\/p>\n<\/li>\n<\/ul>\n<h2 data-path-to-node=\"13\">Gia c\u00f4ng nh\u00e3n ri\u00eang t\u1ea1i V\u0128NH KHANG \u2013 Kh\u1eb3ng \u0111\u1ecbnh th\u01b0\u01a1ng hi\u1ec7u<\/h2>\n<p data-path-to-node=\"14\">Qu\u00fd \u0111\u1ed1i t\u00e1c \u0111ang mu\u1ed1n ph\u00e1t tri\u1ec3n d\u00f2ng ph\u00e2n b\u00f3n chuy\u00ean bi\u1ec7t cho mai v\u00e0ng? V\u0128NH KHANG l\u00e0 l\u1ef1a ch\u1ecdn h\u00e0ng \u0111\u1ea7u v\u1edbi:<\/p>\n<ul data-path-to-node=\"15\">\n<li>\n<p data-path-to-node=\"15,0,0\"><b data-path-to-node=\"15,0,0\" data-index-in-node=\"0\">Linh ho\u1ea1t s\u1ea3n xu\u1ea5t:<\/b> C\u1eaft l\u00f4 s\u1ed1 l\u01b0\u1ee3ng ph\u00f9 h\u1ee3p, \u0111\u00e1p \u1ee9ng nhu c\u1ea7u c\u1ee7a c\u1ea3 \u0111\u1ea1i l\u00fd nh\u1ecf v\u00e0 c\u00f4ng ty l\u1edbn.<\/p>\n<\/li>\n<li>\n<p data-path-to-node=\"15,1,0\"><b data-path-to-node=\"15,1,0\" data-index-in-node=\"0\">Tr\u1ecdn g\u00f3i bao b\u00ec:<\/b> Thi\u1ebft k\u1ebf tem nh\u00e3n sang tr\u1ecdng, ph\u00f9 h\u1ee3p v\u1edbi ph\u00e2n kh\u00fac mai ki\u1ec3ng cao c\u1ea5p.<\/p>\n<\/li>\n<li>\n<p data-path-to-node=\"15,2,0\"><b data-path-to-node=\"15,2,0\" data-index-in-node=\"0\">Gi\u00e1 net t\u1ea1i nh\u00e0 m\u00e1y:<\/b> Bi\u00ean \u0111\u1ed9 l\u1ee3i nhu\u1eadn c\u1ef1c t\u1ed1t v\u00ec kh\u00f4ng qua trung gian.<\/p>\n<\/li>\n<li>\n<p data-path-to-node=\"15,3,0\"><b data-path-to-node=\"15,3,0\" data-index-in-node=\"0\">An to\u00e0n ph\u00e1p l\u00fd:<\/b> \u0110\u1ea7y \u0111\u1ee7 h\u1ed3 s\u01a1 ki\u1ec3m nghi\u1ec7m, gi\u1ea5y ph\u00e9p l\u01b0u h\u00e0nh \u0111\u00fang quy \u0111\u1ecbnh c\u1ee7a C\u1ee5c B\u1ea3o v\u1ec7 th\u1ef1c v\u1eadt.<\/p>\n<\/li>\n<\/ul>\n<h2>K\u1ebft lu\u1eadn<\/h2>\n<p><strong data-start=\"2259\" data-end=\"2288\">Bung \u0110\u1ecdt Mai V\u00e0ng cao c\u1ea5p<\/strong> l\u00e0 gi\u1ea3i ph\u00e1p chuy\u00ean d\u1ee5ng gi\u00fap mai bung \u0111\u1ecdt m\u1ea1nh \u2013 xanh b\u1ec1n \u2013 r\u1ec5 kh\u1ecfe \u2013 nu\u00f4i n\u1ee5 \u0111\u1ec1u, t\u1ea1o n\u1ec1n c\u00e2y sung m\u00e3n cho m\u00f9a hoa \u0111\u1eb9p v\u00e0 gi\u00e1 tr\u1ecb mai ki\u1ec3ng cao.<\/p>\n<h2>Li\u00ean h\u1ec7<\/h2>\n<p>Li\u00ean h\u1ec7 <b data-path-to-node=\"17\" data-index-in-node=\"65\">V\u0128NH KHANG<\/b> \u0111\u1ec3 nh\u1eadn t\u01b0 v\u1ea5n m\u1eabu m\u00e3 v\u00e0 b\u00e1o gi\u00e1 gia c\u00f4ng t\u1ed1t nh\u1ea5t.<\/p>\n<p>\ud83d\udcde <b data-path-to-node=\"17\" data-index-in-node=\"131\">Hotline: 0944 36 79 38<\/b><\/p>\n","protected":false},"excerpt":{"rendered":"<p><b data-path-to-node=\"20,0\" data-index-in-node=\"0\">Gia c\u00f4ng Bung \u0110\u1ecdt Mai V\u00e0ng \u2013 C\u00f4ng th\u1ee9c h\u1eefu c\u01a1 chuy\u00ean d\u1ee5ng gi\u00fap k\u00edch \u0111\u1ecdt m\u1ea1nh, xanh l\u00e1, ph\u1ee5c h\u1ed3i c\u00e2y nhanh sau thu ho\u1ea1ch.<\/b><\/p>\n<p>V\u0128NH KHANG nh\u1eadn l\u00e0m nh\u00e3n ri\u00eang tr\u1ecdn g\u00f3i: Gi\u00e1 g\u1ed1c t\u1eadn x\u01b0\u1edfng, c\u1eaft l\u00f4 linh ho\u1ea1t, ph\u00e1p l\u00fd \u0111\u1ea7y \u0111\u1ee7.<\/p>\n<p>Gi\u1ea3i ph\u00e1p t\u1ed1i \u01b0u cho nh\u00e0 v\u01b0\u1eddn v\u00e0 \u0111\u1ea1i l\u00fd mai ki\u1ec3ng. Li\u00ean h\u1ec7 ngay!<\/p>\n","protected":false},"featured_media":1262,"comment_status":"open","ping_status":"closed","template":"","meta":[],"product_brand":[83],"product_cat":[75],"product_tag":[131,132,108,96,113,112,118,135,114,116,115,117,98,106,133,99,134,80,93,81,78,79],"class_list":{"0":"post-1258","1":"product","2":"type-product","3":"status-publish","4":"has-post-thumbnail","6":"product_brand-vinhkhang","7":"product_cat-phan-bon","8":"product_tag-bungdotmaivang","9":"product_tag-chamsocmaivang","10":"product_tag-dinhduongcaytrong","11":"product_tag-giacongnhanrieng","12":"product_tag-khoinghiepphanbon","13":"product_tag-lamnhanrieng","14":"product_tag-lamvuon","15":"product_tag-maivangvietnam","16":"product_tag-nguonhangphanbon","17":"product_tag-nongnghiepbenvung","18":"product_tag-nongnghiepsach","19":"product_tag-organicfertilizer","20":"product_tag-phanbongiasi","21":"product_tag-phanbonhuuco","22":"product_tag-phanbonmaikieng","23":"product_tag-phanbonnhamay","24":"product_tag-phuchoicaysautet","25":"product_tag-giacongphanbon","26":"product_tag-phan-bon-huu-co","27":"product_tag-phanbon","28":"product_tag-phanbonla","29":"product_tag-phanbonviluong","31":"first","32":"instock","33":"shipping-taxable","34":"product-type-simple"},"_links":{"self":[{"href":"https:\/\/phanbonvinhkhang.com\/index.php\/wp-json\/wp\/v2\/product\/1258","targetHints":{"allow":["GET"]}}],"collection":[{"href":"https:\/\/phanbonvinhkhang.com\/index.php\/wp-json\/wp\/v2\/product"}],"about":[{"href":"https:\/\/phanbonvinhkhang.com\/index.php\/wp-json\/wp\/v2\/types\/product"}],"replies":[{"embeddable":true,"href":"https:\/\/phanbonvinhkhang.com\/index.php\/wp-json\/wp\/v2\/comments?post=1258"}],"version-history":[{"count":1,"href":"https:\/\/phanbonvinhkhang.com\/index.php\/wp-json\/wp\/v2\/product\/1258\/revisions"}],"predecessor-version":[{"id":1263,"href":"https:\/\/phanbonvinhkhang.com\/index.php\/wp-json\/wp\/v2\/product\/1258\/revisions\/1263"}],"wp:featuredmedia":[{"embeddable":true,"href":"https:\/\/phanbonvinhkhang.com\/index.php\/wp-json\/wp\/v2\/media\/1262"}],"wp:attachment":[{"href":"https:\/\/phanbonvinhkhang.com\/index.php\/wp-json\/wp\/v2\/media?parent=1258"}],"wp:term":[{"taxonomy":"product_brand","embeddable":true,"href":"https:\/\/phanbonvinhkhang.com\/index.php\/wp-json\/wp\/v2\/product_brand?post=1258"},{"taxonomy":"product_cat","embeddable":true,"href":"https:\/\/phanbonvinhkhang.com\/index.php\/wp-json\/wp\/v2\/product_cat?post=1258"},{"taxonomy":"product_tag","embeddable":true,"href":"https:\/\/phanbonvinhkhang.com\/index.php\/wp-json\/wp\/v2\/product_tag?post=1258"}],"curies":[{"name":"wp","href":"https:\/\/api.w.org\/{rel}","templated":true}]}}