{"id":1264,"date":"2026-01-26T12:54:33","date_gmt":"2026-01-26T12:54:33","guid":{"rendered":"https:\/\/phanbonvinhkhang.com\/?post_type=product&#038;p=1264"},"modified":"2026-01-26T12:54:33","modified_gmt":"2026-01-26T12:54:33","slug":"cang-trai-giai-bo-giai-phap-toi-uu-cho-trai-cang-mong-bong-dep-tu-nhien","status":"publish","type":"product","link":"https:\/\/phanbonvinhkhang.com\/index.php\/san-pham\/cang-trai-giai-bo-giai-phap-toi-uu-cho-trai-cang-mong-bong-dep-tu-nhien\/","title":{"rendered":"C\u0102NG TR\u00c1I GI\u1ea2I B\u00d3 \u2013 GI\u1ea2I PH\u00c1P T\u1ed0I \u01afU CHO TR\u00c1I C\u0102NG M\u1eccNG, B\u00d3NG \u0110\u1eb8P T\u1ef0 NHI\u00caN"},"content":{"rendered":"<p>Trong giai \u0111o\u1ea1n nu\u00f4i tr\u00e1i, t\u00ecnh tr\u1ea1ng b\u00f3 tr\u00e1i, ch\u1eadm l\u1edbn ho\u1eb7c n\u1ee9t tr\u00e1i sau khi r\u00fat r\u00e2u lu\u00f4n l\u00e0 n\u1ed7i lo c\u1ee7a nh\u00e0 v\u01b0\u1eddn. S\u1ea3n ph\u1ea9m <b data-path-to-node=\"8\" data-index-in-node=\"124\">C\u0103ng Tr\u00e1i Gi\u1ea3i B\u00f3<\/b> \u0111\u01b0\u1ee3c nghi\u00ean c\u1ee9u chuy\u00ean bi\u1ec7t gi\u00fap gi\u1ea3i quy\u1ebft tri\u1ec7t \u0111\u1ec3 c\u00e1c v\u1ea5n \u0111\u1ec1 tr\u00ean, \u0111\u1ea3m b\u1ea3o n\u00f4ng s\u1ea3n \u0111\u1ea1t ti\u00eau chu\u1ea9n xu\u1ea5t kh\u1ea9u lo\u1ea1i 1.<\/p>\n<p data-start=\"543\" data-end=\"783\"><strong data-start=\"543\" data-end=\"564\">C\u0103ng Tr\u00e1i Gi\u1ea3i B\u00f3<\/strong> l\u00e0 d\u00f2ng dinh d\u01b0\u1ee1ng chuy\u00ean d\u1ee5ng giai \u0111o\u1ea1n nu\u00f4i tr\u00e1i, gi\u00fap tr\u00e1i n\u1edf t\u1ed1i \u0111a b\u1ec1 ngang \u2013 c\u0103ng \u0111\u1ec1u \u2013 b\u00f3ng \u0111\u1eb9p t\u1ef1 nhi\u00ean, h\u1ea1n ch\u1ebf hi\u1ec7u qu\u1ea3 c\u00e1c hi\u1ec7n t\u01b0\u1ee3ng b\u00f3 tr\u00e1i, n\u1ee9t tr\u00e1i, lem tr\u00e1i th\u01b0\u1eddng g\u1eb7p sau giai \u0111o\u1ea1n r\u00fat r\u00e2u.<\/p>\n<p data-start=\"785\" data-end=\"899\">S\u1ea3n ph\u1ea9m \u0111\u1eb7c bi\u1ec7t ph\u00f9 h\u1ee3p cho c\u00e1c nh\u00e0 v\u01b0\u1eddn y\u00eau c\u1ea7u tr\u00e1i to \u0111\u1ec1u, c\u01a1m d\u00e0y, ch\u1eafc th\u1ecbt v\u00e0 gi\u00e1 tr\u1ecb th\u01b0\u01a1ng ph\u1ea9m cao.<\/p>\n<h2 data-start=\"785\" data-end=\"899\">Th\u00e0nh ph\u1ea7n \u0111\u0103ng k\u00fd<\/h2>\n<p><strong>C\u00f4ng th\u1ee9c 1:<\/strong><\/p>\n<ul>\n<li>L\u00e2n h\u1eefu hi\u1ec7u: 5%;<\/li>\n<li>Kali h\u1eefu hi\u1ec7u: 25%;<\/li>\n<li>T\u1ef7 tr\u1ecdng: 1,518<\/li>\n<\/ul>\n<p><strong>C\u00f4ng th\u1ee9c 2:<\/strong><\/p>\n<ul>\n<li>Ch\u1ea5t h\u1eefu c\u01a1: 20%;<\/li>\n<li>NPK: 2,5-2,5-2,5%;<\/li>\n<li>T\u1ef7 l\u1ec7 C\/N: 6,5;<\/li>\n<li>pHH2O: 7;<\/li>\n<li>T\u1ef7 tr\u1ecdng: 1,1<\/li>\n<\/ul>\n<h2 data-start=\"785\" data-end=\"899\">C\u00f4ng d\u1ee5ng c\u1ee7a C\u0103ng Tr\u00e1i Gi\u1ea3i B\u00f3<\/h2>\n<p data-start=\"953\" data-end=\"998\"><strong data-start=\"955\" data-end=\"996\">C\u0103ng tr\u00e1i \u0111\u1ec1u \u2013 h\u1ea1n ch\u1ebf b\u00f3 &amp; n\u1ee9t tr\u00e1i<\/strong><\/p>\n<ul data-start=\"999\" data-end=\"1100\">\n<li data-start=\"999\" data-end=\"1028\">\n<p data-start=\"1001\" data-end=\"1028\">Gi\u00fap tr\u00e1i n\u1edf \u0111\u1ec1u b\u1ec1 ngang<\/p>\n<\/li>\n<li data-start=\"1029\" data-end=\"1070\">\n<p data-start=\"1031\" data-end=\"1070\">H\u1ea1n ch\u1ebf b\u00f3 tr\u00e1i, n\u1ee9t tr\u00e1i sau r\u00fat r\u00e2u<\/p>\n<\/li>\n<li data-start=\"1071\" data-end=\"1100\">\n<p data-start=\"1073\" data-end=\"1100\">Gi\u1eef form tr\u00e1i \u0111\u1eb9p, tr\u00f2n \u0111\u1ec1u<\/p>\n<\/li>\n<\/ul>\n<p data-start=\"1102\" data-end=\"1149\"><strong data-start=\"1104\" data-end=\"1147\">L\u1edbn nhanh \u2013 n\u1eb7ng k\u00fd \u2013 b\u00f3ng \u0111\u1eb9p t\u1ef1 nhi\u00ean<\/strong><\/p>\n<ul data-start=\"1150\" data-end=\"1263\">\n<li data-start=\"1150\" data-end=\"1189\">\n<p data-start=\"1152\" data-end=\"1189\">Tr\u00e1i l\u1edbn nhanh, t\u0103ng tr\u1ecdng l\u01b0\u1ee3ng r\u00f5<\/p>\n<\/li>\n<li data-start=\"1190\" data-end=\"1222\">\n<p data-start=\"1192\" data-end=\"1222\">V\u1ecf tr\u00e1i s\u00e1ng b\u00f3ng, kh\u00f4ng lem<\/p>\n<\/li>\n<li data-start=\"1223\" data-end=\"1263\">\n<p data-start=\"1225\" data-end=\"1263\">T\u0103ng gi\u00e1 tr\u1ecb th\u01b0\u01a1ng ph\u1ea9m khi thu ho\u1ea1ch<\/p>\n<\/li>\n<\/ul>\n<p data-start=\"1265\" data-end=\"1309\"><strong data-start=\"1267\" data-end=\"1307\">N\u1edf tr\u00e1i t\u1ed1i \u0111a \u2013 d\u00e0y c\u01a1m \u2013 ch\u1eafc th\u1ecbt<\/strong><\/p>\n<ul data-start=\"1310\" data-end=\"1396\">\n<li data-start=\"1310\" data-end=\"1332\">\n<p data-start=\"1312\" data-end=\"1332\">C\u01a1m tr\u00e1i d\u00e0y, ch\u1eafc<\/p>\n<\/li>\n<li data-start=\"1333\" data-end=\"1367\">\n<p data-start=\"1335\" data-end=\"1367\">Gi\u1eef n\u01b0\u1edbc l\u00e2u, h\u1ea1n ch\u1ebf x\u1ed1p \u2013 b\u1edf<\/p>\n<\/li>\n<li data-start=\"1368\" data-end=\"1396\">\n<p data-start=\"1370\" data-end=\"1396\">Ph\u00f9 h\u1ee3p nu\u00f4i tr\u00e1i d\u00e0i ng\u00e0y<\/p>\n<\/li>\n<\/ul>\n<h2>\u0110\u1ed1i t\u01b0\u1ee3ng s\u1eed d\u1ee5ng<\/h2>\n<ul>\n<li data-start=\"1428\" data-end=\"1503\">\n<p data-start=\"1430\" data-end=\"1503\"><strong data-start=\"1430\" data-end=\"1446\">C\u00e2y \u0103n tr\u00e1i:<\/strong> Nho, t\u00e1o, s\u1ea7u ri\u00eang, cam, qu\u00fdt, b\u01b0\u1edfi, xo\u00e0i, m\u00edt, nh\u00e3n\u2026<\/p>\n<\/li>\n<li data-start=\"1504\" data-end=\"1567\">\n<p data-start=\"1506\" data-end=\"1567\">\u00c1p d\u1ee5ng hi\u1ec7u qu\u1ea3 trong giai \u0111o\u1ea1n tr\u00e1i non \u2192 nu\u00f4i tr\u00e1i l\u1edbn.<\/p>\n<\/li>\n<\/ul>\n<h2 data-path-to-node=\"12\">T\u1ea1i sao n\u00ean ch\u1ecdn gia c\u00f4ng C\u0103ng Tr\u00e1i Gi\u1ea3i B\u00f3 t\u1ea1i V\u0128NH KHANG?<\/h2>\n<p data-path-to-node=\"13\">Ch\u00fang t\u00f4i t\u1ef1 h\u00e0o l\u00e0 \u0111\u1ed1i t\u00e1c s\u1ea3n xu\u1ea5t tin c\u1eady, gi\u00fap qu\u00fd \u0111\u1ed1i t\u00e1c s\u1edf h\u1eefu d\u00f2ng s\u1ea3n ph\u1ea9m ch\u1ea5t l\u01b0\u1ee3ng cao:<\/p>\n<ul>\n<li data-path-to-node=\"14\"><b data-path-to-node=\"14\" data-index-in-node=\"2\">Gi\u00e1 n\u00e9t t\u1ea1i nh\u00e0 m\u00e1y:<\/b> Gi\u00e1 net t\u1ed1t nh\u1ea5t, gi\u00fap b\u1ea1n t\u1ed1i \u01b0u h\u00f3a l\u1ee3i nhu\u1eadn.<\/li>\n<li data-path-to-node=\"14\"><b data-path-to-node=\"14\" data-index-in-node=\"121\">Thi\u1ebft k\u1ebf A-Z:<\/b> \u0110\u1ed9i ng\u0169 thi\u1ebft k\u1ebf h\u1ed7 tr\u1ee3 in \u1ea5n nh\u00e3n m\u00e1c, bao b\u00ec sang tr\u1ecdng, chuy\u00ean nghi\u1ec7p theo phong c\u00e1ch ri\u00eang c\u1ee7a kh\u00e1ch h\u00e0ng.<\/li>\n<li data-path-to-node=\"14\"><b data-path-to-node=\"14\" data-index-in-node=\"248\">C\u1eaft l\u00f4 linh ho\u1ea1t:<\/b> Quy c\u00e1ch \u0111\u00f3ng g\u00f3i \u0111a d\u1ea1ng, \u0111\u00e1p \u1ee9ng m\u1ecdi quy m\u00f4 \u0111\u01a1n h\u00e0ng t\u1eeb nh\u1ecf \u0111\u1ebfn l\u1edbn.<\/li>\n<li data-path-to-node=\"14\"><b data-path-to-node=\"14\" data-index-in-node=\"339\">Ph\u00e1p l\u00fd chu\u1ea9n ch\u1ec9nh:<\/b> Cung c\u1ea5p \u0111\u1ea7y \u0111\u1ee7 h\u1ed3 s\u01a1, gi\u1ea5y ph\u00e9p l\u01b0u h\u00e0nh v\u00e0 ki\u1ec3m nghi\u1ec7m, gi\u00fap b\u1ea1n y\u00ean t\u00e2m ph\u00e2n ph\u1ed1i tr\u00ean to\u00e0n qu\u1ed1c.<\/li>\n<\/ul>\n<h2 data-path-to-node=\"14\">K\u1ebft lu\u1eadn<\/h2>\n<p data-path-to-node=\"14\"><strong data-start=\"1958\" data-end=\"1979\">C\u0103ng Tr\u00e1i Gi\u1ea3i B\u00f3<\/strong> l\u00e0 gi\u1ea3i ph\u00e1p hi\u1ec7u qu\u1ea3 gi\u00fap nh\u00e0 v\u01b0\u1eddn nu\u00f4i tr\u00e1i to \u0111\u1ec1u \u2013 c\u0103ng m\u1ecdng \u2013 b\u00f3ng \u0111\u1eb9p \u2013 n\u1eb7ng k\u00fd, h\u1ea1n ch\u1ebf r\u1ee7i ro n\u1ee9t, b\u00f3 tr\u00e1i v\u00e0 n\u00e2ng cao gi\u00e1 tr\u1ecb n\u00f4ng s\u1ea3n khi thu ho\u1ea1ch.<\/p>\n<h2 data-path-to-node=\"14\">Li\u00ean h\u1ec7<\/h2>\n<p data-path-to-node=\"14\">C\u00f9ng V\u0129nh Khang n\u00e2ng t\u1ea7m th\u01b0\u01a1ng hi\u1ec7u ph\u00e2n b\u00f3n Vi\u1ec7t. Qu\u00fd \u0111\u1ed1i t\u00e1c \u0111ang t\u00ecm ngu\u1ed3n h\u00e0ng ch\u1ea5t l\u01b0\u1ee3ng \u0111\u1ec3 ph\u00e2n ph\u1ed1i? Li\u00ean h\u1ec7 ngay \u0111\u1ec3 nh\u1eadn b\u00e1o gi\u00e1 s\u1ec9 chu\u1ea9n nh\u00e0 m\u00e1y v\u00e0 t\u01b0 v\u1ea5n m\u1eabu th\u1eed.<\/p>\n<p data-path-to-node=\"14\">\ud83d\udcde <b data-path-to-node=\"16\" data-index-in-node=\"180\">Hotline:<\/b>\u00a0 0944 36 79 38<\/p>\n","protected":false},"excerpt":{"rendered":"<p><b data-path-to-node=\"19,0\" data-index-in-node=\"0\">Gia c\u00f4ng C\u0103ng Tr\u00e1i Gi\u1ea3i B\u00f3 \u2013 B\u00ed quy\u1ebft gi\u00fap tr\u00e1i l\u1edbn nhanh, c\u0103ng m\u1ecdng, b\u00f3ng \u0111\u1eb9p v\u00e0 ch\u1ed1ng n\u1ee9t tr\u00e1i hi\u1ec7u qu\u1ea3.<\/b><\/p>\n<p>V\u0128NH KHANG nh\u1eadn l\u00e0m nh\u00e3n ri\u00eang t\u1eeb A-Z: Gi\u00e1 s\u1ec9 t\u1eadn x\u01b0\u1edfng, \u0111\u1ea7y \u0111\u1ee7 ph\u00e1p l\u00fd, thi\u1ebft k\u1ebf bao b\u00ec theo y\u00eau c\u1ea7u.<\/p>\n<p>Gi\u1ea3i ph\u00e1p n\u00e2ng cao gi\u00e1 tr\u1ecb th\u01b0\u01a1ng ph\u1ea9m cho n\u00f4ng s\u1ea3n. Inbox ngay!<\/p>\n","protected":false},"featured_media":1268,"comment_status":"open","ping_status":"closed","template":"","meta":[],"product_brand":[83],"product_cat":[75],"product_tag":[139,136,119,138,108,96,113,112,118,114,116,130,115,101,117,140,100,98,106,99,137,141,80,81,78,79],"class_list":{"0":"post-1264","1":"product","2":"type-product","3":"status-publish","4":"has-post-thumbnail","6":"product_brand-vinhkhang","7":"product_cat-phan-bon","8":"product_tag-bongtrainangky","9":"product_tag-cangtraigiaibo","10":"product_tag-cayantrai","11":"product_tag-chongnuttrai","12":"product_tag-dinhduongcaytrong","13":"product_tag-giacongnhanrieng","14":"product_tag-khoinghiepphanbon","15":"product_tag-lamnhanrieng","16":"product_tag-lamvuon","17":"product_tag-nguonhangphanbon","18":"product_tag-nongnghiepbenvung","19":"product_tag-nongnghiepcongnghecao","20":"product_tag-nongnghiepsach","21":"product_tag-nuoitrai","22":"product_tag-organicfertilizer","23":"product_tag-phanbonantrai","24":"product_tag-phanboncayantrai","25":"product_tag-phanbongiasi","26":"product_tag-phanbonhuuco","27":"product_tag-phanbonnhamay","28":"product_tag-sieulontrai","29":"product_tag-thanhlong","30":"product_tag-giacongphanbon","31":"product_tag-phanbon","32":"product_tag-phanbonla","33":"product_tag-phanbonviluong","35":"first","36":"instock","37":"shipping-taxable","38":"product-type-simple"},"_links":{"self":[{"href":"https:\/\/phanbonvinhkhang.com\/index.php\/wp-json\/wp\/v2\/product\/1264","targetHints":{"allow":["GET"]}}],"collection":[{"href":"https:\/\/phanbonvinhkhang.com\/index.php\/wp-json\/wp\/v2\/product"}],"about":[{"href":"https:\/\/phanbonvinhkhang.com\/index.php\/wp-json\/wp\/v2\/types\/product"}],"replies":[{"embeddable":true,"href":"https:\/\/phanbonvinhkhang.com\/index.php\/wp-json\/wp\/v2\/comments?post=1264"}],"version-history":[{"count":1,"href":"https:\/\/phanbonvinhkhang.com\/index.php\/wp-json\/wp\/v2\/product\/1264\/revisions"}],"predecessor-version":[{"id":1269,"href":"https:\/\/phanbonvinhkhang.com\/index.php\/wp-json\/wp\/v2\/product\/1264\/revisions\/1269"}],"wp:featuredmedia":[{"embeddable":true,"href":"https:\/\/phanbonvinhkhang.com\/index.php\/wp-json\/wp\/v2\/media\/1268"}],"wp:attachment":[{"href":"https:\/\/phanbonvinhkhang.com\/index.php\/wp-json\/wp\/v2\/media?parent=1264"}],"wp:term":[{"taxonomy":"product_brand","embeddable":true,"href":"https:\/\/phanbonvinhkhang.com\/index.php\/wp-json\/wp\/v2\/product_brand?post=1264"},{"taxonomy":"product_cat","embeddable":true,"href":"https:\/\/phanbonvinhkhang.com\/index.php\/wp-json\/wp\/v2\/product_cat?post=1264"},{"taxonomy":"product_tag","embeddable":true,"href":"https:\/\/phanbonvinhkhang.com\/index.php\/wp-json\/wp\/v2\/product_tag?post=1264"}],"curies":[{"name":"wp","href":"https:\/\/api.w.org\/{rel}","templated":true}]}}