{"id":1278,"date":"2026-01-26T13:13:41","date_gmt":"2026-01-26T13:13:41","guid":{"rendered":"https:\/\/phanbonvinhkhang.com\/?post_type=product&#038;p=1278"},"modified":"2026-01-26T13:13:41","modified_gmt":"2026-01-26T13:13:41","slug":"canxi-nitrate-dinh-duong-can-doi-cay-khoe-trai-dep","status":"publish","type":"product","link":"https:\/\/phanbonvinhkhang.com\/index.php\/san-pham\/canxi-nitrate-dinh-duong-can-doi-cay-khoe-trai-dep\/","title":{"rendered":"CANXI NITRATE \u2013 Dinh d\u01b0\u1ee1ng c\u00e2n \u0111\u1ed1i, c\u00e2y kh\u1ecfe \u2013 tr\u00e1i \u0111\u1eb9p!"},"content":{"rendered":"<p data-start=\"549\" data-end=\"767\"><strong data-start=\"549\" data-end=\"566\">Canxi Nitrate<\/strong> l\u00e0 d\u00f2ng ph\u00e2n b\u00f3n trung l\u01b0\u1ee3ng cao c\u1ea5p, cung c\u1ea5p \u0111\u1ed3ng th\u1eddi \u0110\u1ea1m Nitrat (N) v\u00e0 Canxi (Ca) \u1edf d\u1ea1ng d\u1ec5 tan \u2013 d\u1ec5 h\u1ea5p thu, gi\u00fap c\u00e2y tr\u1ed3ng c\u1ee9ng c\u00e1p \u2013 ph\u00e1t tri\u1ec3n c\u00e2n \u0111\u1ed1i \u2013 nu\u00f4i tr\u00e1i hi\u1ec7u qu\u1ea3.<\/p>\n<p data-start=\"769\" data-end=\"952\">S\u1ea3n ph\u1ea9m \u0111\u1eb7c bi\u1ec7t c\u1ea7n thi\u1ebft trong c\u00e1c giai \u0111o\u1ea1n sinh tr\u01b0\u1edfng m\u1ea1nh, ra hoa \u2013 nu\u00f4i tr\u00e1i, khi c\u00e2y c\u1ea7n Canxi \u0111\u1ec3 c\u1ee7ng c\u1ed1 m\u00f4 t\u1ebf b\u00e0o v\u00e0 \u0110\u1ea1m Nitrat \u0111\u1ec3 ph\u00e1t tri\u1ec3n nhanh nh\u01b0ng kh\u00f4ng g\u00e2y s\u1ed1c. \u0110\u00e2y l\u00e0 gi\u1ea3i ph\u00e1p &#8220;c\u1ea5p c\u1ee9u&#8221; hi\u1ec7u qu\u1ea3 cho nh\u1eefng v\u01b0\u1eddn c\u00e2y \u0111ang g\u1eb7p t\u00ecnh tr\u1ea1ng n\u1ee9t tr\u00e1i, r\u1ee5ng tr\u00e1i ho\u1eb7c c\u00e2y c\u00f2i c\u1ecdc, y\u1ebfu \u1edbt.<\/p>\n<h2 data-path-to-node=\"9\">Th\u00e0nh ph\u1ea7n \u0111\u0103ng k\u00fd<\/h2>\n<ul>\n<li data-start=\"988\" data-end=\"1008\">\n<p data-start=\"990\" data-end=\"1008\"><strong data-start=\"990\" data-end=\"1002\">\u0110\u1ea1m (N):<\/strong> 15%<\/p>\n<\/li>\n<li data-start=\"1009\" data-end=\"1034\">\n<p data-start=\"1011\" data-end=\"1034\"><strong data-start=\"1011\" data-end=\"1026\">Canxi (Ca):<\/strong> 18,5%<\/p>\n<\/li>\n<li><strong>\u0110\u1ed9 \u1ea9m:<\/strong> 1%<\/li>\n<\/ul>\n<h2>C\u00f4ng d\u1ee5ng n\u1ed5i b\u1eadt<\/h2>\n<p data-start=\"1150\" data-end=\"1194\"><strong data-start=\"1153\" data-end=\"1192\">T\u0103ng c\u1ee9ng c\u00e2y \u2013 ch\u1eafc th\u00e2n \u2013 kh\u1ecfe r\u1ec5<\/strong><\/p>\n<ul data-start=\"1195\" data-end=\"1257\">\n<li data-start=\"1195\" data-end=\"1218\">\n<p data-start=\"1197\" data-end=\"1218\">C\u1ee7ng c\u1ed1 v\u00e1ch t\u1ebf b\u00e0o<\/p>\n<\/li>\n<li data-start=\"1219\" data-end=\"1257\">\n<p data-start=\"1221\" data-end=\"1257\">Gi\u00fap c\u00e2y \u0111\u1ee9ng kh\u1ecfe, h\u1ea1n ch\u1ebf \u0111\u1ed5 ng\u00e3<\/p>\n<\/li>\n<\/ul>\n<p data-start=\"1259\" data-end=\"1305\"><strong data-start=\"1262\" data-end=\"1303\">Ch\u1ed1ng n\u1ee9t tr\u00e1i \u2013 h\u1ea1n ch\u1ebf r\u1ee5ng sinh l\u00fd<\/strong><\/p>\n<ul data-start=\"1306\" data-end=\"1371\">\n<li data-start=\"1306\" data-end=\"1333\">\n<p data-start=\"1308\" data-end=\"1333\">T\u0103ng \u0111\u1ed9 \u0111\u00e0n h\u1ed3i v\u1ecf tr\u00e1i<\/p>\n<\/li>\n<li data-start=\"1334\" data-end=\"1371\">\n<p data-start=\"1336\" data-end=\"1371\">Gi\u1ea3m r\u1ee5ng tr\u00e1i non do thi\u1ebfu Canxi<\/p>\n<\/li>\n<\/ul>\n<p data-start=\"1373\" data-end=\"1415\"><strong data-start=\"1376\" data-end=\"1413\">Gi\u00fap tr\u00e1i to \u2013 s\u00e1ng m\u00e0u \u2013 n\u1eb7ng k\u00fd<\/strong><\/p>\n<ul data-start=\"1416\" data-end=\"1491\">\n<li data-start=\"1416\" data-end=\"1444\">\n<p data-start=\"1418\" data-end=\"1444\">Tr\u00e1i ph\u00e1t tri\u1ec3n \u0111\u1ed3ng \u0111\u1ec1u<\/p>\n<\/li>\n<li data-start=\"1445\" data-end=\"1491\">\n<p data-start=\"1447\" data-end=\"1491\">M\u00e0u s\u1eafc s\u00e1ng \u0111\u1eb9p, t\u0103ng gi\u00e1 tr\u1ecb th\u01b0\u01a1ng ph\u1ea9m<\/p>\n<\/li>\n<\/ul>\n<p data-start=\"1493\" data-end=\"1542\"><strong data-start=\"1496\" data-end=\"1540\">Tan nhanh \u2013 h\u1ea5p thu nhanh \u2013 hi\u1ec7u qu\u1ea3 cao<\/strong><\/p>\n<ul data-start=\"1543\" data-end=\"1595\">\n<li data-start=\"1543\" data-end=\"1564\">\n<p data-start=\"1545\" data-end=\"1564\">Kh\u00f4ng g\u00e2y n\u00f3ng r\u1ec5<\/p>\n<\/li>\n<li data-start=\"1565\" data-end=\"1595\">\n<p data-start=\"1567\" data-end=\"1595\">Ph\u00f9 h\u1ee3p phun t\u01b0\u1edbi v\u00e0 b\u00f3n g\u1ed1c<\/p>\n<\/li>\n<\/ul>\n<h2 data-path-to-node=\"14\">Nh\u1eadn gia c\u00f4ng Canxi Nitrate nh\u00e3n ri\u00eang &#8211; Uy t\u00edn t\u1ea1i V\u0128NH KHANG<\/h2>\n<p data-path-to-node=\"15\">Nh\u00e0 m\u00e1y ch\u00fang t\u00f4i nh\u1eadn gia c\u00f4ng tr\u1ecdn g\u00f3i d\u00f2ng Canxi Nitrate theo y\u00eau c\u1ea7u c\u1ee7a qu\u00fd \u0111\u1ed1i t\u00e1c:<\/p>\n<ul data-path-to-node=\"16\">\n<li>\n<p data-path-to-node=\"16,0,0\"><b data-path-to-node=\"16,0,0\" data-index-in-node=\"0\">L\u00e0m nh\u00e3n ri\u00eang chuy\u00ean nghi\u1ec7p:<\/b> Thi\u1ebft k\u1ebf bao b\u00ec, tem nh\u00e3n theo b\u1ed9 nh\u1eadn di\u1ec7n th\u01b0\u01a1ng hi\u1ec7u c\u1ee7a b\u1ea1n.<\/p>\n<\/li>\n<li>\n<p data-path-to-node=\"16,1,0\"><b data-path-to-node=\"16,1,0\" data-index-in-node=\"0\">C\u1eaft l\u00f4 linh ho\u1ea1t:<\/b> Ph\u00f9 h\u1ee3p v\u1edbi m\u1ecdi nhu c\u1ea7u kinh doanh, quy c\u00e1ch \u0111\u00f3ng g\u00f3i \u0111a d\u1ea1ng.<\/p>\n<\/li>\n<li>\n<p data-path-to-node=\"16,2,0\"><b data-path-to-node=\"16,2,0\" data-index-in-node=\"0\">Gi\u00e1 g\u1ed1c t\u1eadn x\u01b0\u1edfng:<\/b> \u0110\u1ea3m b\u1ea3o gi\u00e1 th\u00e0nh t\u1ed1i \u01b0u nh\u1ea5t \u0111\u1ec3 qu\u00fd kh\u00e1ch h\u00e0ng c\u1ea1nh tranh m\u1ea1nh m\u1ebd tr\u00ean th\u1ecb tr\u01b0\u1eddng.<\/p>\n<\/li>\n<li>\n<p data-path-to-node=\"16,3,0\"><b data-path-to-node=\"16,3,0\" data-index-in-node=\"0\">Ph\u00e1p l\u00fd minh b\u1ea1ch:<\/b> \u0110\u1ea7y \u0111\u1ee7 gi\u1ea5y ph\u00e9p, m\u00e3 s\u1ed1 ph\u00e2n b\u00f3n v\u00e0 ki\u1ec3m nghi\u1ec7m ch\u1ea5t l\u01b0\u1ee3ng \u0111\u00fang quy \u0111\u1ecbnh.<\/p>\n<\/li>\n<\/ul>\n<h2>K\u1ebft lu\u1eadn<\/h2>\n<p><strong data-start=\"1793\" data-end=\"1810\">Canxi Nitrate<\/strong> l\u00e0 gi\u1ea3i ph\u00e1p dinh d\u01b0\u1ee1ng c\u00e2n \u0111\u1ed1i gi\u00fap c\u00e2y kh\u1ecfe t\u1eeb th\u00e2n \u2013 r\u1ec5, tr\u00e1i to \u0111\u1ec1u \u2013 s\u00e1ng m\u00e0u \u2013 \u00edt n\u1ee9t \u2013 \u00edt r\u1ee5ng, ph\u00f9 h\u1ee3p cho nhi\u1ec1u lo\u1ea1i c\u00e2y tr\u1ed3ng v\u00e0 giai \u0111o\u1ea1n sinh tr\u01b0\u1edfng.<\/p>\n<h2>Li\u00ean h\u1ec7<\/h2>\n<p>Qu\u00fd \u0111\u1ed1i t\u00e1c mu\u1ed1n s\u1edf h\u1eefu d\u00f2ng Canxi Nitrate ch\u1ea5t l\u01b0\u1ee3ng cao, h\u00e3y li\u00ean h\u1ec7 ngay \u0111\u1ec3 nh\u1eadn b\u00e1o gi\u00e1 s\u1ec9 chu\u1ea9n nh\u00e0 m\u00e1y.<\/p>\n<p>\ud83d\udcde <b data-path-to-node=\"18\" data-index-in-node=\"168\">Hotline\/Zalo: 0944 36 79 38<\/b><\/p>\n","protected":false},"excerpt":{"rendered":"<p><b data-path-to-node=\"21,0\" data-index-in-node=\"0\">Gia c\u00f4ng Canxi Nitrate\u00a0\u2013 Tan nhanh, h\u1ea5p thu m\u1ea1nh, gi\u00fap c\u1ee9ng c\u00e2y, ch\u1ed1ng n\u1ee9t tr\u00e1i v\u00e0 s\u00e1ng m\u00e0u tr\u00e1i.<\/b><\/p>\n<p>Nh\u1eadn l\u00e0m nh\u00e3n ri\u00eang tr\u1ecdn g\u00f3i: Gi\u00e1 t\u1eadn x\u01b0\u1edfng, ph\u00e1p l\u00fd \u0111\u1ea7y \u0111\u1ee7, c\u1eaft l\u00f4 theo y\u00eau c\u1ea7u.<\/p>\n<p>Gi\u1ea3i ph\u00e1p ho\u00e0n h\u1ea3o cho tr\u00e1i to, n\u1eb7ng k\u00fd. Li\u00ean h\u1ec7 ngay \u0111\u1ec3 nh\u1eadn b\u00e1o gi\u00e1!<\/p>\n","protected":false},"featured_media":1281,"comment_status":"open","ping_status":"closed","template":"","meta":[],"product_brand":[83],"product_cat":[75],"product_tag":[139,145,144,119,122,138,128,108,96,113,112,118,114,116,130,115,101,117,140,100,98,99,105,120,146,129,80,81,78,79],"class_list":{"0":"post-1278","1":"product","2":"type-product","3":"status-publish","4":"has-post-thumbnail","6":"product_brand-vinhkhang","7":"product_cat-phan-bon","8":"product_tag-bongtrainangky","9":"product_tag-canxinitrat","10":"product_tag-canxinitrate","11":"product_tag-cayantrai","12":"product_tag-caycongnghiep","13":"product_tag-chongnuttrai","14":"product_tag-chongrungtrai","15":"product_tag-dinhduongcaytrong","16":"product_tag-giacongnhanrieng","17":"product_tag-khoinghiepphanbon","18":"product_tag-lamnhanrieng","19":"product_tag-lamvuon","20":"product_tag-nguonhangphanbon","21":"product_tag-nongnghiepbenvung","22":"product_tag-nongnghiepcongnghecao","23":"product_tag-nongnghiepsach","24":"product_tag-nuoitrai","25":"product_tag-organicfertilizer","26":"product_tag-phanbonantrai","27":"product_tag-phanboncayantrai","28":"product_tag-phanbongiasi","29":"product_tag-phanbonnhamay","30":"product_tag-phanbonsaurieng","31":"product_tag-saurieng","32":"product_tag-totraisangmau","33":"product_tag-vinhkhang","34":"product_tag-giacongphanbon","35":"product_tag-phanbon","36":"product_tag-phanbonla","37":"product_tag-phanbonviluong","39":"first","40":"instock","41":"shipping-taxable","42":"product-type-simple"},"_links":{"self":[{"href":"https:\/\/phanbonvinhkhang.com\/index.php\/wp-json\/wp\/v2\/product\/1278","targetHints":{"allow":["GET"]}}],"collection":[{"href":"https:\/\/phanbonvinhkhang.com\/index.php\/wp-json\/wp\/v2\/product"}],"about":[{"href":"https:\/\/phanbonvinhkhang.com\/index.php\/wp-json\/wp\/v2\/types\/product"}],"replies":[{"embeddable":true,"href":"https:\/\/phanbonvinhkhang.com\/index.php\/wp-json\/wp\/v2\/comments?post=1278"}],"version-history":[{"count":1,"href":"https:\/\/phanbonvinhkhang.com\/index.php\/wp-json\/wp\/v2\/product\/1278\/revisions"}],"predecessor-version":[{"id":1282,"href":"https:\/\/phanbonvinhkhang.com\/index.php\/wp-json\/wp\/v2\/product\/1278\/revisions\/1282"}],"wp:featuredmedia":[{"embeddable":true,"href":"https:\/\/phanbonvinhkhang.com\/index.php\/wp-json\/wp\/v2\/media\/1281"}],"wp:attachment":[{"href":"https:\/\/phanbonvinhkhang.com\/index.php\/wp-json\/wp\/v2\/media?parent=1278"}],"wp:term":[{"taxonomy":"product_brand","embeddable":true,"href":"https:\/\/phanbonvinhkhang.com\/index.php\/wp-json\/wp\/v2\/product_brand?post=1278"},{"taxonomy":"product_cat","embeddable":true,"href":"https:\/\/phanbonvinhkhang.com\/index.php\/wp-json\/wp\/v2\/product_cat?post=1278"},{"taxonomy":"product_tag","embeddable":true,"href":"https:\/\/phanbonvinhkhang.com\/index.php\/wp-json\/wp\/v2\/product_tag?post=1278"}],"curies":[{"name":"wp","href":"https:\/\/api.w.org\/{rel}","templated":true}]}}